{"id":957,"date":"2023-09-18T16:09:29","date_gmt":"2023-09-18T14:09:29","guid":{"rendered":"https:\/\/entorna3.com\/politica-de-privacidad\/"},"modified":"2023-10-11T19:09:04","modified_gmt":"2023-10-11T17:09:04","slug":"politica-de-privacidad","status":"publish","type":"page","link":"https:\/\/entorna3.com\/es\/politica-de-privacidad\/","title":{"rendered":"Pol\u00edtica de privacidad"},"content":{"rendered":"<p>[et_pb_section fb_built=&#8221;1&#8243; _builder_version=&#8221;4.22.1&#8243; _module_preset=&#8221;default&#8221; custom_margin=&#8221;0px||0px||false|false&#8221; custom_padding=&#8221;0px||80px||false|false&#8221; global_colors_info=&#8221;{}&#8221;][et_pb_row _builder_version=&#8221;4.22.1&#8243; _module_preset=&#8221;default&#8221; custom_padding=&#8221;70px||0px||false|false&#8221; global_colors_info=&#8221;{}&#8221;][et_pb_column type=&#8221;4_4&#8243; _builder_version=&#8221;4.22.1&#8243; _module_preset=&#8221;default&#8221; global_colors_info=&#8221;{}&#8221;][et_pb_text ul_item_indent=&#8221;30px&#8221; disabled_on=&#8221;off|off|off&#8221; _builder_version=&#8221;4.22.2&#8243; _module_preset=&#8221;default&#8221; text_font=&#8221;Open Sans||||||||&#8221; text_line_height=&#8221;2em&#8221; ul_line_height=&#8221;2em&#8221; header_font=&#8221;Oswald|||on|||||&#8221; header_text_color=&#8221;gcid-c740829f-2d4d-4ebd-a20d-2efecd0077cc&#8221; header_font_size=&#8221;50px&#8221; header_line_height=&#8221;1.5em&#8221; hover_enabled=&#8221;0&#8243; locked=&#8221;off&#8221; global_colors_info=&#8221;{%22gcid-c740829f-2d4d-4ebd-a20d-2efecd0077cc%22:%91%22header_text_color%22%93}&#8221; header_text_align=&#8221;center&#8221; sticky_enabled=&#8221;0&#8243;]<\/p>\n<h1>POL\u00cdTICA DE PRIVACIDAD<\/h1>\n<p>[\/et_pb_text][et_pb_text ul_item_indent=&#8221;15px&#8221; _builder_version=&#8221;4.22.2&#8243; _module_preset=&#8221;default&#8221; text_font=&#8221;Gilroy Medium||||||||&#8221; text_text_color=&#8221;#333333&#8243; text_line_height=&#8221;1.69em&#8221; ul_line_height=&#8221;2em&#8221; hover_enabled=&#8221;0&#8243; global_colors_info=&#8221;{}&#8221; sticky_enabled=&#8221;0&#8243;]<\/p>\n<p>1. PROTECCI\u00d3N DE DATOS PERSONALES<\/p>\n<p>De conformidad con lo que establece el Real Decreto-Ley 5\/2018, por la adaptaci\u00f3n del Derecho espa\u00f1ol a la normativa de la Uni\u00f3n Europea, por la aplicaci\u00f3n del Reglamento General -UE- 2016\/679 del Parlamento y Consejo de Europa de Protecci\u00f3n de Datos de Car\u00e1cter Personal, aprobado el 27 de abril de 2016, y la LOPD 3\/2018, de garant\u00eda de los derechos digitales, PROJECTES SOCIOAMBIENTALS ENTORNa3 SL, informa a los Usuarios de sus websites, que estamos obligados a guardar secreto profesional de los datos personales captados por la empresa mediante los formularios situados en sus p\u00e1ginas, esta obligaci\u00f3n continuar\u00e1 incluso despu\u00e9s de haber finalizado nuestra relaci\u00f3n comercial o contractual, y en ning\u00fan caso podremos hacer p\u00fablicos los datos personales de los visitantes y clientes a la web sin su consentimiento, los menores de 14 a\u00f1os, no pueden prestar su consentimiento para que un comercio recoja y trate sus datos personales; solo sus representantes legales (padres o tutores) son quienes pueden hacerlo en su nombre. Aquellos comercios que necesiten tratar datos de menores de 14 a\u00f1os, deben disponer de los medios para obtener el consentimiento de sus padres o tutores, por ejemplo, mediante un mensaje de correo electr\u00f3nico dirigido a alguno de ellos que contenga un enlace a un formulario electr\u00f3nico. No se puede solicitar a los menores de 14 a\u00f1os datos sobre el \u00e1mbito familiar, siendo la \u00fanica excepci\u00f3n los datos de identificaci\u00f3n y contacto de los padres o tutores.<\/p>\n<p>Estos datos ser\u00e1n introducidos en un fichero automatizado bajo la responsabilidad del administrador de la web de PROJECTES SOCIOAMBIENTALS ENTORNa3 SL, con el fin de poder facilitar, agilizar y cumplir los compromisos establecidos entre ambas partes. Asimismo, PROJECTES SOCIOAMBIENTALS ENTORNa3 SL, informa de la posibilidad de ejercer los derechos de acceso, que permite al usuario web, conocer que datos personales tiene el administrador de esta p\u00e1gina y en tal caso contestara en un plazo de 30 d\u00edas, siempre que conserve los datos, rectificaci\u00f3n, que permite corregir errores, modificar los datos que sean inexactos o incompletos y garantizar la certeza de la informaci\u00f3n, oposici\u00f3n, que podr\u00e1 solicitar y conseguir que no lleve a cabo el tratamiento de datos, supresi\u00f3n, que permite que se supriman los datos inadecuados o excesivos, limitaci\u00f3n, por el que puede solicitar que se limite el tratamiento de sus datos cuando haya ejercido su derecho a la rectificaci\u00f3n de sus datos personales, y portabilidad, para que el usuario pueda obtener una copia de los datos personales que haya facilitado en la web a fin de poder transmitirlos a otros servicios, estos derechos se podr\u00e1n ejercitar por cualquier medio que deje constancia de su env\u00edo y de su recepci\u00f3n en el correo electr\u00f3nico projectes@entorna3.com, aportando fotocopia del DNI o documentaci\u00f3n alternativa que acredite su identidad.<\/p>\n<p>Mientras no nos comunique lo contrario, entenderemos que sus datos no han sido modificados, que usted se compromete a notificarnos cualquier variaci\u00f3n y que tenemos el consentimiento para utilizarlos para poder fidelizar la relaci\u00f3n entre las partes.<\/p>\n<p>El env\u00edo de sus datos mediante el\/los formulario\/s de nuestra web, estar\u00e1 supeditado obligatoriamente a que haya le\u00eddo\/aceptado la Pol\u00edtica de Privacidad, mediante un check box obligatorio a pie del formulario.<\/p>\n<p>De acuerdo con lo que establece la Ley 34\/2002, de Servicios de la Sociedad de la Informaci\u00f3n y el Comercio Electr\u00f3nico en su art\u00edculo 21, pedimos su consentimiento para poder realizar comunicaciones publicitarias que consideremos puedan ser de su inter\u00e9s, correo electr\u00f3nico o por cualquier otro medio de comunicaci\u00f3n electr\u00f3nica equivalente, este consentimiento lo aceptar\u00e1 o negar\u00e1 con un check box obligatorio a pie del formulario.<\/p>\n<p>[\/et_pb_text][et_pb_text ul_item_indent=&#8221;15px&#8221; _builder_version=&#8221;4.22.2&#8243; _module_preset=&#8221;default&#8221; text_font=&#8221;Gilroy Medium||||||||&#8221; text_text_color=&#8221;#333333&#8243; text_line_height=&#8221;1.69em&#8221; ul_line_height=&#8221;2em&#8221; global_colors_info=&#8221;{}&#8221;]2. POL\u00cdTICA DE ENLACES Y EXENCIONES DE RESPONSABILIDAD<\/p>\n<p>PROJECTES SOCIOAMBIENTALS ENTORNa3 SL, no se hace responsable del contenido de las p\u00e1ginas web a las que pueda acceder el Usuario a trav\u00e9s de los enlaces establecidos en sus sitios web y declara que en ning\u00fan caso examinar\u00e1 ni ejercitar\u00e1 ning\u00fan tipo de control sobre el contenido de otras p\u00e1ginas de la red.<\/p>\n<p>Asimismo, tampoco garantiza la disponibilidad t\u00e9cnica, exactitud, veracidad, validez o legalidad de p\u00e1ginas ajenas a su propiedad a las que se pueda acceder a trav\u00e9s de los enlaces.<\/p>\n<p>PROJECTES SOCIOAMBIENTALS ENTORNa3 SL, declara que ha adoptado todas las medidas necesarias para evitar cualquier da\u00f1o que pudiera derivarse de la navegaci\u00f3n por sus p\u00e1ginas web. En consecuencia, PROJECTES SOCIOAMBIENTALS ENTORNa3 SL, no se hace responsable, en ning\u00fan caso, de los eventuales da\u00f1os que pueda sufrir el Usuario a causa de la navegaci\u00f3n por Internet.<\/p>\n<p>PROJECTES SOCIOAMBIENTALS ENTORNa3 SL, no se responsabiliza de los da\u00f1os o perjuicios de cualquier tipo producidos en el Usuario que lleven causa de errores o desconexiones a las redes de telecomunicaciones que produzcan la suspensi\u00f3n, cancelaci\u00f3n o interrupci\u00f3n del servicio de la web durante la prestaci\u00f3n del mismo o con car\u00e1cter previo.<\/p>\n<p>El acceso a la web: www.entorna3.com no implica la obligaci\u00f3n por parte de la empresa de controlar la ausencia de virus o cualquier otro elemento inform\u00e1tico da\u00f1ino. Corresponde al Usuario, en cualquier caso, la disponibilidad de herramientas adecuadas para la detecci\u00f3n y desinfecci\u00f3n de programas inform\u00e1ticos nocivos.<\/p>\n<p>PROJECTES SOCIOAMBIENTALS ENTORNa3 SL, no se responsabiliza de los da\u00f1os producidos en los equipos inform\u00e1ticos, documentos y\/o ficheros de los Usuarios o de terceros durante la prestaci\u00f3n del servicio en el Portal.[\/et_pb_text][et_pb_text ul_item_indent=&#8221;15px&#8221; _builder_version=&#8221;4.22.2&#8243; _module_preset=&#8221;default&#8221; text_font=&#8221;Gilroy Medium||||||||&#8221; text_text_color=&#8221;#333333&#8243; text_line_height=&#8221;1.69em&#8221; ul_line_height=&#8221;2em&#8221; global_colors_info=&#8221;{}&#8221;]3. PUBLICIDAD<\/p>\n<p>La Web: www.entorna3.com podr\u00e1 alojar contenidos publicitarios o patrocinados. Los anunciantes o patrocinadores son los \u00fanicos responsables de asegurar que el material remitido para su inclusi\u00f3n en la Web cumple con las leyes que en cada caso puedan ser de aplicaci\u00f3n.<\/p>\n<p>PROJECTES SOCIOAMBIENTALS ENTORNa3 SL, no ser\u00e1 responsable de cualquier error, inexactitud o irregularidad que puedan contener los contenidos publicitarios o patrocinadores.[\/et_pb_text][et_pb_text ul_item_indent=&#8221;15px&#8221; _builder_version=&#8221;4.22.2&#8243; _module_preset=&#8221;default&#8221; text_font=&#8221;Gilroy Medium||||||||&#8221; text_text_color=&#8221;#333333&#8243; text_line_height=&#8221;1.69em&#8221; ul_line_height=&#8221;2em&#8221; global_colors_info=&#8221;{}&#8221;]4. MODIFICACIONES<\/p>\n<p>PROJECTES SOCIOAMBIENTALS ENTORNa3 SL, se reserva el derecho a realizar las modificaciones que considere oportunas, sin previo aviso, al contenido de sus sitios web, tanto en lo que se refiere a los contenidos de los sitios web como por sus condiciones de uso o por las condiciones generales de contrataci\u00f3n. Estas modificaciones podr\u00e1n realizarse, a trav\u00e9s de sus sitios web, de cualquier forma admisible en derecho y ser\u00e1n de obligado cumplimiento durante el tiempo que est\u00e9n publicadas en la web y hasta que no sean modificadas por otras posteriores.[\/et_pb_text][et_pb_text ul_item_indent=&#8221;15px&#8221; _builder_version=&#8221;4.22.2&#8243; _module_preset=&#8221;default&#8221; text_font=&#8221;Gilroy Medium||||||||&#8221; text_text_color=&#8221;#333333&#8243; text_line_height=&#8221;1.69em&#8221; ul_line_height=&#8221;2em&#8221; global_colors_info=&#8221;{}&#8221;]5. PROPIEDAD INTELECTUAL<\/p>\n<p>Los derechos de propiedad intelectual e industrial derivados de todos los textos, im\u00e1genes, as\u00ed como de los medios y formas de presentaci\u00f3n y montaje de sus p\u00e1ginas pertenecen, por s\u00ed mismos o como cesionaria, a PROJECTES SOCIOAMBIENTALS ENTORNa3 SL, ser\u00e1n, por tanto obras protegidas con propiedad intelectual por el ordenamiento jur\u00eddico espa\u00f1ol y se les podr\u00e1 aplicar tanto la normativa espa\u00f1ola y comunitaria en este campo, como los tratados internacionales relativos a la materia y suscritos por Espa\u00f1a.<\/p>\n<p>Todos los derechos reservados. En cumplimiento de la Ley de la Propiedad Intelectual se proh\u00edbe expresamente la reproducci\u00f3n, distribuci\u00f3n, comunicaci\u00f3n p\u00fablica y utilizaci\u00f3n de la totalidad o parte de los contenidos de sus p\u00e1ginas web sin el consentimiento expl\u00edcito de PROJECTES SOCIOAMBIENTALS ENTORNa3 SL,<\/p>\n<p>As\u00ed mismo, PROJECTES SOCIOAMBIENTALS ENTORNa3 SL, se reserva la facultad de presentar las acciones civiles o penales que considere oportunas por la utilizaci\u00f3n indebida de sus p\u00e1ginas web y contenidos o por el incumplimiento de estas condiciones.[\/et_pb_text][et_pb_text ul_item_indent=&#8221;15px&#8221; _builder_version=&#8221;4.22.2&#8243; _module_preset=&#8221;default&#8221; text_font=&#8221;Gilroy Medium||||||||&#8221; text_text_color=&#8221;#333333&#8243; text_line_height=&#8221;1.69em&#8221; ul_line_height=&#8221;2em&#8221; hover_enabled=&#8221;0&#8243; global_colors_info=&#8221;{}&#8221; sticky_enabled=&#8221;0&#8243;]6. SELLOS DE CONFIANZA<\/p>\n<p>Los sellos de confianza son distintivos que se proporcionan en las tiendas online para demostrar su calidad y seguridad en la venta online.<\/p>\n<p>Para conseguir el sello, \u00e9stas son auditadas o evaluadas para comprobar que cumplen los criterios de seguridad en la compra y cumplimiento legal.<\/p>\n<p> Las tiendas que disponen de un sello de confianza est\u00e1n adheridas a un c\u00f3digo de conducta y suelen ofrecer a los consumidores procedimientos alternativos de resoluci\u00f3n de conflictos sencillos, r\u00e1pidos y c\u00f3modos.[\/et_pb_text][et_pb_text ul_item_indent=&#8221;15px&#8221; _builder_version=&#8221;4.22.2&#8243; _module_preset=&#8221;default&#8221; text_font=&#8221;Gilroy Medium||||||||&#8221; text_text_color=&#8221;#333333&#8243; text_line_height=&#8221;1.69em&#8221; ul_line_height=&#8221;2em&#8221; custom_margin=&#8221;||||false|false&#8221; custom_padding=&#8221;||||false|false&#8221; global_colors_info=&#8221;{}&#8221;]<\/p>\n<p>7. CERTIFICADOS DE CUMPLIMIENTO LSSI-CE Y PROTECCI\u00d3N DE DATOS<\/p>\n<p>www.entorna3.com cumple con la normativa de Protecci\u00f3n de Datos vigente y con la LSSI-CE, y ha sido asesorada en estas normativas por GRUPO QUALIA, por lo que se le otorgan dos certificados en formato de imagen digital para que pueda exponer en su sitio web.<\/p>\n<p>[\/et_pb_text][et_pb_divider color=&#8221;#333333&#8243; _builder_version=&#8221;4.22.1&#8243; _module_preset=&#8221;default&#8221; max_width=&#8221;106px&#8221; module_alignment=&#8221;center&#8221; height=&#8221;1px&#8221; custom_margin=&#8221;||0px||false|false&#8221; custom_padding=&#8221;16px||0px||false|false&#8221; global_colors_info=&#8221;{}&#8221;][\/et_pb_divider][\/et_pb_column][\/et_pb_row][\/et_pb_section]<\/p>\n","protected":false},"excerpt":{"rendered":"<p>POL\u00cdTICA DE PRIVACIDAD1. PROTECCI\u00d3N DE DATOS PERSONALES De conformidad con lo que establece el Real Decreto-Ley 5\/2018, por la adaptaci\u00f3n del Derecho espa\u00f1ol a la normativa de la Uni\u00f3n Europea, por la aplicaci\u00f3n del Reglamento General -UE- 2016\/679 del Parlamento y Consejo de Europa de Protecci\u00f3n de Datos de Car\u00e1cter Personal, aprobado el 27 de [&hellip;]<\/p>\n","protected":false},"author":1,"featured_media":0,"parent":0,"menu_order":0,"comment_status":"closed","ping_status":"closed","template":"","meta":{"_et_pb_use_builder":"on","_et_pb_old_content":"","_et_gb_content_width":"","inline_featured_image":false,"_monsterinsights_skip_tracking":false,"_monsterinsights_sitenote_active":false,"_monsterinsights_sitenote_note":"","_monsterinsights_sitenote_category":0,"footnotes":""},"class_list":["post-957","page","type-page","status-publish","hentry"],"yoast_head":"<!-- This site is optimized with the Yoast SEO plugin v27.2 - https:\/\/yoast.com\/product\/yoast-seo-wordpress\/ -->\n<title>Pol\u00edtica de privacidad - Entorna3<\/title>\n<meta name=\"robots\" content=\"index, follow, max-snippet:-1, max-image-preview:large, max-video-preview:-1\" \/>\n<link rel=\"canonical\" href=\"https:\/\/entorna3.com\/es\/politica-de-privacidad\/\" \/>\n<meta property=\"og:locale\" content=\"es_ES\" \/>\n<meta property=\"og:type\" content=\"article\" \/>\n<meta property=\"og:title\" content=\"Pol\u00edtica de privacidad - Entorna3\" \/>\n<meta property=\"og:description\" content=\"POL\u00cdTICA DE PRIVACIDAD1. PROTECCI\u00d3N DE DATOS PERSONALES De conformidad con lo que establece el Real Decreto-Ley 5\/2018, por la adaptaci\u00f3n del Derecho espa\u00f1ol a la normativa de la Uni\u00f3n Europea, por la aplicaci\u00f3n del Reglamento General -UE- 2016\/679 del Parlamento y Consejo de Europa de Protecci\u00f3n de Datos de Car\u00e1cter Personal, aprobado el 27 de [&hellip;]\" \/>\n<meta property=\"og:url\" content=\"https:\/\/entorna3.com\/es\/politica-de-privacidad\/\" \/>\n<meta property=\"og:site_name\" content=\"Entorna3\" \/>\n<meta property=\"article:modified_time\" content=\"2023-10-11T17:09:04+00:00\" \/>\n<meta name=\"twitter:card\" content=\"summary_large_image\" \/>\n<meta name=\"twitter:site\" content=\"@entorna3\" \/>\n<meta name=\"twitter:label1\" content=\"Tiempo de lectura\" \/>\n\t<meta name=\"twitter:data1\" content=\"9 minutos\" \/>\n<script type=\"application\/ld+json\" class=\"yoast-schema-graph\">{\"@context\":\"https:\/\/schema.org\",\"@graph\":[{\"@type\":\"WebPage\",\"@id\":\"https:\/\/entorna3.com\/es\/politica-de-privacidad\/\",\"url\":\"https:\/\/entorna3.com\/es\/politica-de-privacidad\/\",\"name\":\"Pol\u00edtica de privacidad - Entorna3\",\"isPartOf\":{\"@id\":\"https:\/\/entorna3.com\/es\/#website\"},\"datePublished\":\"2023-09-18T14:09:29+00:00\",\"dateModified\":\"2023-10-11T17:09:04+00:00\",\"breadcrumb\":{\"@id\":\"https:\/\/entorna3.com\/es\/politica-de-privacidad\/#breadcrumb\"},\"inLanguage\":\"es\",\"potentialAction\":[{\"@type\":\"ReadAction\",\"target\":[\"https:\/\/entorna3.com\/es\/politica-de-privacidad\/\"]}]},{\"@type\":\"BreadcrumbList\",\"@id\":\"https:\/\/entorna3.com\/es\/politica-de-privacidad\/#breadcrumb\",\"itemListElement\":[{\"@type\":\"ListItem\",\"position\":1,\"name\":\"Inici\",\"item\":\"https:\/\/entorna3.com\/es\/inici-nou\/\"},{\"@type\":\"ListItem\",\"position\":2,\"name\":\"Pol\u00edtica de privacidad\"}]},{\"@type\":\"WebSite\",\"@id\":\"https:\/\/entorna3.com\/es\/#website\",\"url\":\"https:\/\/entorna3.com\/es\/\",\"name\":\"Entorna3\",\"description\":\"Projectes ambientals amb una mirada social\",\"publisher\":{\"@id\":\"https:\/\/entorna3.com\/es\/#organization\"},\"potentialAction\":[{\"@type\":\"SearchAction\",\"target\":{\"@type\":\"EntryPoint\",\"urlTemplate\":\"https:\/\/entorna3.com\/es\/?s={search_term_string}\"},\"query-input\":{\"@type\":\"PropertyValueSpecification\",\"valueRequired\":true,\"valueName\":\"search_term_string\"}}],\"inLanguage\":\"es\"},{\"@type\":\"Organization\",\"@id\":\"https:\/\/entorna3.com\/es\/#organization\",\"name\":\"Entorna3\",\"url\":\"https:\/\/entorna3.com\/es\/\",\"logo\":{\"@type\":\"ImageObject\",\"inLanguage\":\"es\",\"@id\":\"https:\/\/entorna3.com\/es\/#\/schema\/logo\/image\/\",\"url\":\"https:\/\/entorna3.com\/wp-content\/uploads\/2023\/10\/cropped-favicon.png\",\"contentUrl\":\"https:\/\/entorna3.com\/wp-content\/uploads\/2023\/10\/cropped-favicon.png\",\"width\":512,\"height\":512,\"caption\":\"Entorna3\"},\"image\":{\"@id\":\"https:\/\/entorna3.com\/es\/#\/schema\/logo\/image\/\"},\"sameAs\":[\"https:\/\/x.com\/entorna3\",\"https:\/\/www.linkedin.com\/company\/entorna3.-projectes-socioambientals\/\"]}]}<\/script>\n<!-- \/ Yoast SEO plugin. -->","yoast_head_json":{"title":"Pol\u00edtica de privacidad - Entorna3","robots":{"index":"index","follow":"follow","max-snippet":"max-snippet:-1","max-image-preview":"max-image-preview:large","max-video-preview":"max-video-preview:-1"},"canonical":"https:\/\/entorna3.com\/es\/politica-de-privacidad\/","og_locale":"es_ES","og_type":"article","og_title":"Pol\u00edtica de privacidad - Entorna3","og_description":"POL\u00cdTICA DE PRIVACIDAD1. PROTECCI\u00d3N DE DATOS PERSONALES De conformidad con lo que establece el Real Decreto-Ley 5\/2018, por la adaptaci\u00f3n del Derecho espa\u00f1ol a la normativa de la Uni\u00f3n Europea, por la aplicaci\u00f3n del Reglamento General -UE- 2016\/679 del Parlamento y Consejo de Europa de Protecci\u00f3n de Datos de Car\u00e1cter Personal, aprobado el 27 de [&hellip;]","og_url":"https:\/\/entorna3.com\/es\/politica-de-privacidad\/","og_site_name":"Entorna3","article_modified_time":"2023-10-11T17:09:04+00:00","twitter_card":"summary_large_image","twitter_site":"@entorna3","twitter_misc":{"Tiempo de lectura":"9 minutos"},"schema":{"@context":"https:\/\/schema.org","@graph":[{"@type":"WebPage","@id":"https:\/\/entorna3.com\/es\/politica-de-privacidad\/","url":"https:\/\/entorna3.com\/es\/politica-de-privacidad\/","name":"Pol\u00edtica de privacidad - Entorna3","isPartOf":{"@id":"https:\/\/entorna3.com\/es\/#website"},"datePublished":"2023-09-18T14:09:29+00:00","dateModified":"2023-10-11T17:09:04+00:00","breadcrumb":{"@id":"https:\/\/entorna3.com\/es\/politica-de-privacidad\/#breadcrumb"},"inLanguage":"es","potentialAction":[{"@type":"ReadAction","target":["https:\/\/entorna3.com\/es\/politica-de-privacidad\/"]}]},{"@type":"BreadcrumbList","@id":"https:\/\/entorna3.com\/es\/politica-de-privacidad\/#breadcrumb","itemListElement":[{"@type":"ListItem","position":1,"name":"Inici","item":"https:\/\/entorna3.com\/es\/inici-nou\/"},{"@type":"ListItem","position":2,"name":"Pol\u00edtica de privacidad"}]},{"@type":"WebSite","@id":"https:\/\/entorna3.com\/es\/#website","url":"https:\/\/entorna3.com\/es\/","name":"Entorna3","description":"Projectes ambientals amb una mirada social","publisher":{"@id":"https:\/\/entorna3.com\/es\/#organization"},"potentialAction":[{"@type":"SearchAction","target":{"@type":"EntryPoint","urlTemplate":"https:\/\/entorna3.com\/es\/?s={search_term_string}"},"query-input":{"@type":"PropertyValueSpecification","valueRequired":true,"valueName":"search_term_string"}}],"inLanguage":"es"},{"@type":"Organization","@id":"https:\/\/entorna3.com\/es\/#organization","name":"Entorna3","url":"https:\/\/entorna3.com\/es\/","logo":{"@type":"ImageObject","inLanguage":"es","@id":"https:\/\/entorna3.com\/es\/#\/schema\/logo\/image\/","url":"https:\/\/entorna3.com\/wp-content\/uploads\/2023\/10\/cropped-favicon.png","contentUrl":"https:\/\/entorna3.com\/wp-content\/uploads\/2023\/10\/cropped-favicon.png","width":512,"height":512,"caption":"Entorna3"},"image":{"@id":"https:\/\/entorna3.com\/es\/#\/schema\/logo\/image\/"},"sameAs":["https:\/\/x.com\/entorna3","https:\/\/www.linkedin.com\/company\/entorna3.-projectes-socioambientals\/"]}]}},"_links":{"self":[{"href":"https:\/\/entorna3.com\/es\/wp-json\/wp\/v2\/pages\/957","targetHints":{"allow":["GET"]}}],"collection":[{"href":"https:\/\/entorna3.com\/es\/wp-json\/wp\/v2\/pages"}],"about":[{"href":"https:\/\/entorna3.com\/es\/wp-json\/wp\/v2\/types\/page"}],"author":[{"embeddable":true,"href":"https:\/\/entorna3.com\/es\/wp-json\/wp\/v2\/users\/1"}],"replies":[{"embeddable":true,"href":"https:\/\/entorna3.com\/es\/wp-json\/wp\/v2\/comments?post=957"}],"version-history":[{"count":7,"href":"https:\/\/entorna3.com\/es\/wp-json\/wp\/v2\/pages\/957\/revisions"}],"predecessor-version":[{"id":1409,"href":"https:\/\/entorna3.com\/es\/wp-json\/wp\/v2\/pages\/957\/revisions\/1409"}],"wp:attachment":[{"href":"https:\/\/entorna3.com\/es\/wp-json\/wp\/v2\/media?parent=957"}],"curies":[{"name":"wp","href":"https:\/\/api.w.org\/{rel}","templated":true}]}}