{"id":943,"date":"2023-09-18T17:17:38","date_gmt":"2023-09-18T15:17:38","guid":{"rendered":"https:\/\/entorna3.com\/aviso-legal\/"},"modified":"2024-08-22T13:06:31","modified_gmt":"2024-08-22T11:06:31","slug":"aviso-legal","status":"publish","type":"page","link":"https:\/\/entorna3.com\/es\/aviso-legal\/","title":{"rendered":"Aviso legal"},"content":{"rendered":"<p>[et_pb_section fb_built=&#8221;1&#8243; _builder_version=&#8221;4.22.1&#8243; _module_preset=&#8221;default&#8221; custom_margin=&#8221;0px||0px||false|false&#8221; custom_padding=&#8221;0px||80px||false|false&#8221; global_colors_info=&#8221;{}&#8221;][et_pb_row _builder_version=&#8221;4.22.1&#8243; _module_preset=&#8221;default&#8221; custom_padding=&#8221;70px||0px||false|false&#8221; global_colors_info=&#8221;{}&#8221;][et_pb_column type=&#8221;4_4&#8243; _builder_version=&#8221;4.22.1&#8243; _module_preset=&#8221;default&#8221; global_colors_info=&#8221;{}&#8221;][et_pb_text ul_item_indent=&#8221;30px&#8221; disabled_on=&#8221;off|off|off&#8221; _builder_version=&#8221;4.22.2&#8243; _module_preset=&#8221;default&#8221; text_font=&#8221;Open Sans||||||||&#8221; text_line_height=&#8221;2em&#8221; ul_line_height=&#8221;2em&#8221; header_font=&#8221;Gilroy Bold|||on|||||&#8221; header_text_color=&#8221;gcid-c740829f-2d4d-4ebd-a20d-2efecd0077cc&#8221; header_font_size=&#8221;50px&#8221; header_line_height=&#8221;1.5em&#8221; hover_enabled=&#8221;0&#8243; locked=&#8221;off&#8221; global_colors_info=&#8221;{%22gcid-c740829f-2d4d-4ebd-a20d-2efecd0077cc%22:%91%22header_text_color%22%93}&#8221; header_text_align=&#8221;center&#8221; sticky_enabled=&#8221;0&#8243;]<\/p>\n<h1>Aviso legal<\/h1>\n<p>[\/et_pb_text][et_pb_text ul_item_indent=&#8221;15px&#8221; _builder_version=&#8221;4.22.2&#8243; _module_preset=&#8221;default&#8221; text_font=&#8221;Gilroy Medium||||||||&#8221; text_text_color=&#8221;#333333&#8243; text_line_height=&#8221;1.69em&#8221; ul_line_height=&#8221;2em&#8221; global_colors_info=&#8221;{}&#8221;]<\/p>\n<p>1. INFORMACI\u00d3N CORPORATIVA<\/p>\n<p>En cumplimiento de la Ley 34\/2002, de 11 de julio, de servicios de la sociedad de la informaci\u00f3n y de comercio electr\u00f3nico, PROJECTES SOCIOAMBIENTALS ENTORNa3 SL, le informa que es titular de los sitios web: www.entorna3.com, de acuerdo con la exigencia del art\u00edculo 10 de la citada Ley, PROJECTES SOCIOAMBIENTALS ENTORNa3 SL, notifica los siguientes datos: el titular de esta p\u00e1gina web es PROJECTES SOCIOAMBIENTALS ENTORNa3 SL, con CIF\/NIF: B-66923384 y Registro Mercantil de BARCELONA, Tomo: 45740. Full: 45, S8. Secci\u00f3n General y Domicilio Social: PASSEIG SANT JOAN 78, 5\u00ba1\u00aa, C\u00f3digo Postal: 08009. Localidad: BARCELONA, Provincia: BARCELONA. La direcci\u00f3n de correo electr\u00f3nico de contacto con la empresa es: projectes@entorna3.com<\/p>\n<p>[\/et_pb_text][et_pb_text ul_item_indent=&#8221;15px&#8221; _builder_version=&#8221;4.22.2&#8243; _module_preset=&#8221;default&#8221; text_font=&#8221;Gilroy Medium||||||||&#8221; text_text_color=&#8221;#333333&#8243; text_line_height=&#8221;1.69em&#8221; ul_line_height=&#8221;2em&#8221; global_colors_info=&#8221;{}&#8221;]<\/p>\n<p>2. USUARIO Y R\u00c9GIMEN DE RESPONSABILIDADES<\/p>\n<p>La navegaci\u00f3n por acceso y uso de la p\u00e1gina web y todos los subdominios y directorios incluidos bajo la misma, as\u00ed como los servicios o contenidos que a trav\u00e9s de ella se puedan obtener y todos los portales de dominio propio bajo titularidad de PROJECTES SOCIOAMBIENTALS ENTORNa3 SL , otorga la condici\u00f3n de Usuario, por la que se aceptan, al navegar por la p\u00e1gina de PROJECTES SOCIOAMBIENTALS ENTORNa3 SL, todas las condiciones de uso que aqu\u00ed se establecen sin perjudicar la aplicaci\u00f3n de la correspondiente normativa de obligado cumplimiento legal seg\u00fan el caso.<\/p>\n<p>Por ello, si las consideraciones detalladas en este Aviso Legal no son de su conformidad, rogamos no haga uso del Portal, ya que cualquier uso que haga del mismo o de los servicios y contenidos en \u00e9l incluidos implicar\u00e1 la aceptaci\u00f3n de los t\u00e9rminos legales recogidos en este texto.<\/p>\n<p>La p\u00e1gina web de PROJECTES SOCIOAMBIENTALS ENTORNa3 SL, proporcionan gran diversidad de informaci\u00f3n, servicios y datos. El Usuario asume su responsabilidad en el correcto uso de los sitios web. Esta responsabilidad se extender\u00e1 a: La veracidad y licitud de las informaciones aportadas por el Usuario a los formularios emitidos por PROJECTES SOCIOAMBIENTALS ENTORNa3 SL, para acceder a determinados contenidos o servicios ofrecidos por la web.<\/p>\n<p>El uso de la informaci\u00f3n, servicios y datos ofrecidos por PROJECTES SOCIOAMBIENTALS ENTORNa3 SL, no ir\u00e1n contra las disposiciones de estas condiciones, la Ley, la moral, las buenas costumbres o el orden p\u00fablico o que, en otro caso, puedan suponer lesi\u00f3n de los derechos de terceros o del funcionamiento de los sitios web.<\/p>\n<p>A tal efecto, el Usuario se abstendr\u00e1 de utilizar cualquiera de los contenidos con fines o efectos il\u00edcitos, prohibidos en este texto, lesivos de los derechos e intereses de terceros, o que de cualquier forma puedan da\u00f1ar, inutilizar, sobrecargar, deteriorar o impedir la normal utilizaci\u00f3n de los contenidos, otros Usuarios o de cualquier Usuario de Internet (hardware y software).<\/p>\n<p>Los Usuarios responder\u00e1n de los da\u00f1os y perjuicios de toda naturaleza que la empresa propietaria de la web pueda sufrir, directa o indirectamente, como consecuencia de incumplimiento de cualquiera de las obligaciones derivadas del uso de la Web y de esta pol\u00edtica de privacidad.<\/p>\n<p>En particular, y a t\u00edtulo meramente indicativo y no exhaustivo, el Usuario se compromete a no transmitir, difundir o poner a disposici\u00f3n de terceros informaciones, datos, contenidos, mensajes, gr\u00e1ficos, dibujos, archivos de sonido y\/o imagen, fotograf\u00edas de la web.<\/p>\n<p>[\/et_pb_text][et_pb_text ul_item_indent=&#8221;15px&#8221; _builder_version=&#8221;4.22.2&#8243; _module_preset=&#8221;default&#8221; text_font=&#8221;Gilroy Medium||||||||&#8221; text_text_color=&#8221;#333333&#8243; text_line_height=&#8221;1.69em&#8221; ul_line_height=&#8221;2em&#8221; hover_enabled=&#8221;0&#8243; global_colors_info=&#8221;{}&#8221; sticky_enabled=&#8221;0&#8243;]<\/p>\n<p>3. ACCIONES LEGALES, LEGISLACI\u00d3N APLICABLE Y JURISDICCI\u00d3N<\/p>\n<p>La relaci\u00f3n entre el usuario y PROJECTES SOCIOAMBIENTALS ENTORNa3 SL, se regir\u00e1 por la normativa espa\u00f1ola vigente y ser\u00e1n competentes, para decidir sobre cualquier controversia que pueda surgir entre el usuario y PROJECTES SOCIOAMBIENTALS ENTORNa3 SL, los juzgados o tribunales de la localidad de BARCELONA .<\/p>\n<p>[\/et_pb_text][et_pb_divider color=&#8221;#333333&#8243; _builder_version=&#8221;4.22.1&#8243; _module_preset=&#8221;default&#8221; max_width=&#8221;106px&#8221; module_alignment=&#8221;center&#8221; height=&#8221;1px&#8221; custom_margin=&#8221;||0px||false|false&#8221; custom_padding=&#8221;16px||0px||false|false&#8221; global_colors_info=&#8221;{}&#8221;][\/et_pb_divider][\/et_pb_column][\/et_pb_row][\/et_pb_section]<\/p>\n","protected":false},"excerpt":{"rendered":"<p>Aviso legal1. INFORMACI\u00d3N CORPORATIVA En cumplimiento de la Ley 34\/2002, de 11 de julio, de servicios de la sociedad de la informaci\u00f3n y de comercio electr\u00f3nico, PROJECTES SOCIOAMBIENTALS ENTORNa3 SL, le informa que es titular de los sitios web: www.entorna3.com, de acuerdo con la exigencia del art\u00edculo 10 de la citada Ley, PROJECTES SOCIOAMBIENTALS ENTORNa3 [&hellip;]<\/p>\n","protected":false},"author":1,"featured_media":0,"parent":0,"menu_order":0,"comment_status":"closed","ping_status":"closed","template":"","meta":{"_et_pb_use_builder":"on","_et_pb_old_content":"","_et_gb_content_width":"","inline_featured_image":false,"_monsterinsights_skip_tracking":false,"_monsterinsights_sitenote_active":false,"_monsterinsights_sitenote_note":"","_monsterinsights_sitenote_category":0,"footnotes":""},"class_list":["post-943","page","type-page","status-publish","hentry"],"yoast_head":"<!-- This site is optimized with the Yoast SEO plugin v27.2 - https:\/\/yoast.com\/product\/yoast-seo-wordpress\/ -->\n<title>Aviso legal - Entorna3<\/title>\n<meta name=\"robots\" content=\"index, follow, max-snippet:-1, max-image-preview:large, max-video-preview:-1\" \/>\n<link rel=\"canonical\" href=\"https:\/\/entorna3.com\/es\/aviso-legal\/\" \/>\n<meta property=\"og:locale\" content=\"es_ES\" \/>\n<meta property=\"og:type\" content=\"article\" \/>\n<meta property=\"og:title\" content=\"Aviso legal - Entorna3\" \/>\n<meta property=\"og:description\" content=\"Aviso legal1. INFORMACI\u00d3N CORPORATIVA En cumplimiento de la Ley 34\/2002, de 11 de julio, de servicios de la sociedad de la informaci\u00f3n y de comercio electr\u00f3nico, PROJECTES SOCIOAMBIENTALS ENTORNa3 SL, le informa que es titular de los sitios web: www.entorna3.com, de acuerdo con la exigencia del art\u00edculo 10 de la citada Ley, PROJECTES SOCIOAMBIENTALS ENTORNa3 [&hellip;]\" \/>\n<meta property=\"og:url\" content=\"https:\/\/entorna3.com\/es\/aviso-legal\/\" \/>\n<meta property=\"og:site_name\" content=\"Entorna3\" \/>\n<meta property=\"article:modified_time\" content=\"2024-08-22T11:06:31+00:00\" \/>\n<meta name=\"twitter:card\" content=\"summary_large_image\" \/>\n<meta name=\"twitter:site\" content=\"@entorna3\" \/>\n<meta name=\"twitter:label1\" content=\"Tiempo de lectura\" \/>\n\t<meta name=\"twitter:data1\" content=\"4 minutos\" \/>\n<script type=\"application\/ld+json\" class=\"yoast-schema-graph\">{\"@context\":\"https:\/\/schema.org\",\"@graph\":[{\"@type\":\"WebPage\",\"@id\":\"https:\/\/entorna3.com\/es\/aviso-legal\/\",\"url\":\"https:\/\/entorna3.com\/es\/aviso-legal\/\",\"name\":\"Aviso legal - Entorna3\",\"isPartOf\":{\"@id\":\"https:\/\/entorna3.com\/es\/#website\"},\"datePublished\":\"2023-09-18T15:17:38+00:00\",\"dateModified\":\"2024-08-22T11:06:31+00:00\",\"breadcrumb\":{\"@id\":\"https:\/\/entorna3.com\/es\/aviso-legal\/#breadcrumb\"},\"inLanguage\":\"es\",\"potentialAction\":[{\"@type\":\"ReadAction\",\"target\":[\"https:\/\/entorna3.com\/es\/aviso-legal\/\"]}]},{\"@type\":\"BreadcrumbList\",\"@id\":\"https:\/\/entorna3.com\/es\/aviso-legal\/#breadcrumb\",\"itemListElement\":[{\"@type\":\"ListItem\",\"position\":1,\"name\":\"Inici\",\"item\":\"https:\/\/entorna3.com\/es\/inici-nou\/\"},{\"@type\":\"ListItem\",\"position\":2,\"name\":\"Aviso legal\"}]},{\"@type\":\"WebSite\",\"@id\":\"https:\/\/entorna3.com\/es\/#website\",\"url\":\"https:\/\/entorna3.com\/es\/\",\"name\":\"Entorna3\",\"description\":\"Projectes ambientals amb una mirada social\",\"publisher\":{\"@id\":\"https:\/\/entorna3.com\/es\/#organization\"},\"potentialAction\":[{\"@type\":\"SearchAction\",\"target\":{\"@type\":\"EntryPoint\",\"urlTemplate\":\"https:\/\/entorna3.com\/es\/?s={search_term_string}\"},\"query-input\":{\"@type\":\"PropertyValueSpecification\",\"valueRequired\":true,\"valueName\":\"search_term_string\"}}],\"inLanguage\":\"es\"},{\"@type\":\"Organization\",\"@id\":\"https:\/\/entorna3.com\/es\/#organization\",\"name\":\"Entorna3\",\"url\":\"https:\/\/entorna3.com\/es\/\",\"logo\":{\"@type\":\"ImageObject\",\"inLanguage\":\"es\",\"@id\":\"https:\/\/entorna3.com\/es\/#\/schema\/logo\/image\/\",\"url\":\"https:\/\/entorna3.com\/wp-content\/uploads\/2023\/10\/cropped-favicon.png\",\"contentUrl\":\"https:\/\/entorna3.com\/wp-content\/uploads\/2023\/10\/cropped-favicon.png\",\"width\":512,\"height\":512,\"caption\":\"Entorna3\"},\"image\":{\"@id\":\"https:\/\/entorna3.com\/es\/#\/schema\/logo\/image\/\"},\"sameAs\":[\"https:\/\/x.com\/entorna3\",\"https:\/\/www.linkedin.com\/company\/entorna3.-projectes-socioambientals\/\"]}]}<\/script>\n<!-- \/ Yoast SEO plugin. -->","yoast_head_json":{"title":"Aviso legal - Entorna3","robots":{"index":"index","follow":"follow","max-snippet":"max-snippet:-1","max-image-preview":"max-image-preview:large","max-video-preview":"max-video-preview:-1"},"canonical":"https:\/\/entorna3.com\/es\/aviso-legal\/","og_locale":"es_ES","og_type":"article","og_title":"Aviso legal - Entorna3","og_description":"Aviso legal1. INFORMACI\u00d3N CORPORATIVA En cumplimiento de la Ley 34\/2002, de 11 de julio, de servicios de la sociedad de la informaci\u00f3n y de comercio electr\u00f3nico, PROJECTES SOCIOAMBIENTALS ENTORNa3 SL, le informa que es titular de los sitios web: www.entorna3.com, de acuerdo con la exigencia del art\u00edculo 10 de la citada Ley, PROJECTES SOCIOAMBIENTALS ENTORNa3 [&hellip;]","og_url":"https:\/\/entorna3.com\/es\/aviso-legal\/","og_site_name":"Entorna3","article_modified_time":"2024-08-22T11:06:31+00:00","twitter_card":"summary_large_image","twitter_site":"@entorna3","twitter_misc":{"Tiempo de lectura":"4 minutos"},"schema":{"@context":"https:\/\/schema.org","@graph":[{"@type":"WebPage","@id":"https:\/\/entorna3.com\/es\/aviso-legal\/","url":"https:\/\/entorna3.com\/es\/aviso-legal\/","name":"Aviso legal - Entorna3","isPartOf":{"@id":"https:\/\/entorna3.com\/es\/#website"},"datePublished":"2023-09-18T15:17:38+00:00","dateModified":"2024-08-22T11:06:31+00:00","breadcrumb":{"@id":"https:\/\/entorna3.com\/es\/aviso-legal\/#breadcrumb"},"inLanguage":"es","potentialAction":[{"@type":"ReadAction","target":["https:\/\/entorna3.com\/es\/aviso-legal\/"]}]},{"@type":"BreadcrumbList","@id":"https:\/\/entorna3.com\/es\/aviso-legal\/#breadcrumb","itemListElement":[{"@type":"ListItem","position":1,"name":"Inici","item":"https:\/\/entorna3.com\/es\/inici-nou\/"},{"@type":"ListItem","position":2,"name":"Aviso legal"}]},{"@type":"WebSite","@id":"https:\/\/entorna3.com\/es\/#website","url":"https:\/\/entorna3.com\/es\/","name":"Entorna3","description":"Projectes ambientals amb una mirada social","publisher":{"@id":"https:\/\/entorna3.com\/es\/#organization"},"potentialAction":[{"@type":"SearchAction","target":{"@type":"EntryPoint","urlTemplate":"https:\/\/entorna3.com\/es\/?s={search_term_string}"},"query-input":{"@type":"PropertyValueSpecification","valueRequired":true,"valueName":"search_term_string"}}],"inLanguage":"es"},{"@type":"Organization","@id":"https:\/\/entorna3.com\/es\/#organization","name":"Entorna3","url":"https:\/\/entorna3.com\/es\/","logo":{"@type":"ImageObject","inLanguage":"es","@id":"https:\/\/entorna3.com\/es\/#\/schema\/logo\/image\/","url":"https:\/\/entorna3.com\/wp-content\/uploads\/2023\/10\/cropped-favicon.png","contentUrl":"https:\/\/entorna3.com\/wp-content\/uploads\/2023\/10\/cropped-favicon.png","width":512,"height":512,"caption":"Entorna3"},"image":{"@id":"https:\/\/entorna3.com\/es\/#\/schema\/logo\/image\/"},"sameAs":["https:\/\/x.com\/entorna3","https:\/\/www.linkedin.com\/company\/entorna3.-projectes-socioambientals\/"]}]}},"_links":{"self":[{"href":"https:\/\/entorna3.com\/es\/wp-json\/wp\/v2\/pages\/943","targetHints":{"allow":["GET"]}}],"collection":[{"href":"https:\/\/entorna3.com\/es\/wp-json\/wp\/v2\/pages"}],"about":[{"href":"https:\/\/entorna3.com\/es\/wp-json\/wp\/v2\/types\/page"}],"author":[{"embeddable":true,"href":"https:\/\/entorna3.com\/es\/wp-json\/wp\/v2\/users\/1"}],"replies":[{"embeddable":true,"href":"https:\/\/entorna3.com\/es\/wp-json\/wp\/v2\/comments?post=943"}],"version-history":[{"count":10,"href":"https:\/\/entorna3.com\/es\/wp-json\/wp\/v2\/pages\/943\/revisions"}],"predecessor-version":[{"id":2363,"href":"https:\/\/entorna3.com\/es\/wp-json\/wp\/v2\/pages\/943\/revisions\/2363"}],"wp:attachment":[{"href":"https:\/\/entorna3.com\/es\/wp-json\/wp\/v2\/media?parent=943"}],"curies":[{"name":"wp","href":"https:\/\/api.w.org\/{rel}","templated":true}]}}