{"id":930,"date":"2023-10-09T12:03:54","date_gmt":"2023-10-09T10:03:54","guid":{"rendered":"https:\/\/entorna3.com\/participacion-ciudadana-y-sensibilizacion-ambiental\/"},"modified":"2026-03-05T15:23:39","modified_gmt":"2026-03-05T14:23:39","slug":"participacion-ciudadana-y-sensibilizacion-ambiental","status":"publish","type":"page","link":"https:\/\/entorna3.com\/es\/participacion-ciudadana-y-sensibilizacion-ambiental\/","title":{"rendered":"Comunicaci\u00f3n y sensibilizaci\u00f3n ambiental"},"content":{"rendered":"<p>[et_pb_section fb_built=&#8221;1&#8243; _builder_version=&#8221;4.22.2&#8243; _module_preset=&#8221;default&#8221; custom_margin=&#8221;0px||0px||false|false&#8221; custom_padding=&#8221;0px||0px||false|false&#8221; global_colors_info=&#8221;{}&#8221;][et_pb_row _builder_version=&#8221;4.22.2&#8243; _module_preset=&#8221;default&#8221; background_color=&#8221;rgba(0,0,0,0.4)&#8221; background_image=&#8221;https:\/\/entorna3.com\/wp-content\/uploads\/2023\/10\/participacio-bk-e1697008962244.webp&#8221; background_blend=&#8221;multiply&#8221; width=&#8221;100%&#8221; max_width=&#8221;100%&#8221; custom_margin=&#8221;0px||0px||false|false&#8221; custom_padding=&#8221;65px||65px||false|false&#8221; global_colors_info=&#8221;{}&#8221;][et_pb_column type=&#8221;4_4&#8243; _builder_version=&#8221;4.22.1&#8243; _module_preset=&#8221;default&#8221; global_colors_info=&#8221;{}&#8221;][et_pb_text _builder_version=&#8221;4.22.2&#8243; _dynamic_attributes=&#8221;content&#8221; _module_preset=&#8221;default&#8221; text_font=&#8221;Open Sans||||||||&#8221; text_text_color=&#8221;#FFFFFF&#8221; header_font=&#8221;Gilroy Bold||||||||&#8221; header_text_align=&#8221;center&#8221; header_text_color=&#8221;#FFFFFF&#8221; header_font_size=&#8221;72px&#8221; header_letter_spacing=&#8221;-2px&#8221; header_line_height=&#8221;1.2em&#8221; text_orientation=&#8221;center&#8221; width=&#8221;90%&#8221; max_width=&#8221;850px&#8221; module_alignment=&#8221;center&#8221; header_font_size_tablet=&#8221;72px&#8221; header_font_size_phone=&#8221;40px&#8221; header_font_size_last_edited=&#8221;on|phone&#8221; global_colors_info=&#8221;{}&#8221;]@ET-DC@eyJkeW5hbWljIjp0cnVlLCJjb250ZW50IjoicG9zdF90aXRsZSIsInNldHRpbmdzIjp7ImJlZm9yZSI6IjxoMT4iLCJhZnRlciI6IjxcL2gxPiJ9fQ==@[\/et_pb_text][\/et_pb_column][\/et_pb_row][\/et_pb_section][et_pb_section fb_built=&#8221;1&#8243; custom_padding_last_edited=&#8221;on|tablet&#8221; _builder_version=&#8221;4.22.2&#8243; _module_preset=&#8221;default&#8221; custom_margin=&#8221;0px||0px||false|false&#8221; custom_padding=&#8221;0px||50px||false|false&#8221; custom_padding_tablet=&#8221;|15px||15px|false|true&#8221; custom_padding_phone=&#8221;|15px||15px|false|true&#8221; global_colors_info=&#8221;{}&#8221;][et_pb_row _builder_version=&#8221;4.22.2&#8243; _module_preset=&#8221;default&#8221; width_tablet=&#8221;100%&#8221; width_phone=&#8221;100%&#8221; width_last_edited=&#8221;on|tablet&#8221; custom_padding=&#8221;50px||0px||false|false&#8221; global_colors_info=&#8221;{}&#8221;][et_pb_column type=&#8221;4_4&#8243; _builder_version=&#8221;4.22.1&#8243; _module_preset=&#8221;default&#8221; global_colors_info=&#8221;{}&#8221;][et_pb_text ul_item_indent=&#8221;15px&#8221; _builder_version=&#8221;4.27.6&#8243; _module_preset=&#8221;default&#8221; text_font=&#8221;Gilroy Medium|300|||||||&#8221; text_text_color=&#8221;#3c3c3b&#8221; text_line_height=&#8221;1.69em&#8221; ul_line_height=&#8221;1.69em&#8221; global_colors_info=&#8221;{}&#8221;]<\/p>\n<p>Dise\u00f1amos y ejecutamos campa\u00f1as comunicativas y de implantaci\u00f3n de nuevos servicios, de mejores ambientales en organizaciones y empresas, y procesos de participaci\u00f3n ciudadana y de los agentes implicados en los proyectos que se llevan a cabo.<\/p>\n<ul>\n<ul>\n<li><a href=\"https:\/\/entorna3.com\/es\/project\/campanas-de-sensibilizacion-para-la-mejora-de-la-recogida-selectiva-la-prevencion-de-residuos-y-el-fomento-de-la-economia-circular\/\">Dise\u00f1o y ejecuci\u00f3n de campa\u00f1as de sensibilizaci\u00f3n para la mejora de la recogida selectiva, la prevenci\u00f3n de residuos y el fomento de la econom\u00eda circular.<\/a><\/li>\n<li><a href=\"https:\/\/entorna3.com\/es\/project\/campanas-de-ambientalizacion-prevencion-y-gestion-correcta-de-residuos-en-edificios-publicos-equipamientos-y-eventos\/\">Dise\u00f1o y ejecuci\u00f3n de campa\u00f1as de ambientalizaci\u00f3n, prevenci\u00f3n y gesti\u00f3n correcta de residuos en instalaciones, equipamientos y eventos.<\/a><\/li>\n<li><a href=\"https:\/\/entorna3.com\/es\/project\/diseno-y-ejecucion-de-campanas-de-implantacion-de-nuevos-servicios-de-recogida-de-residuos\/\">Dise\u00f1o y ejecuci\u00f3n de campa\u00f1as de implantaci\u00f3n de servicios de recogida selectiva de alta eficiencia (modelos puerta a puerta, contenedores con cierre electr\u00f3nico e identificaci\u00f3n, modelos mixtos, etc.).<\/a><\/li>\n<li>Dise\u00f1o y ejecuci\u00f3n de estrategias de comunicaci\u00f3n y difusi\u00f3n de buenas pr\u00e1cticas, proyectos y mejoras ambientales a usuarios, clientes y proveedores en empresas y organizaciones.<\/li>\n<li><a href=\"https:\/\/entorna3.com\/es\/project\/diseno-y-dinamizacion-de-procesos-participativos\/\">Dise\u00f1o y dinamizaci\u00f3n de procesos participativos.<\/a><\/li>\n<\/ul>\n<\/ul>\n<p>&nbsp;<\/p>\n<p>[\/et_pb_text][et_pb_button button_url=&#8221;&lt;!&#8211;&#91;CDATA&#91;https:\/\/entorna3.com\/referencies-tecniques-en-participacio-comunicacio-i-campanyes\/&#93;&#93;&#8211;&gt;&#8221; button_text=&#8221;Referencias t\u00e9cnicas&#8221; _builder_version=&#8221;4.23.4&#8243; _module_preset=&#8221;default&#8221; custom_button=&#8221;on&#8221; button_text_size=&#8221;16px&#8221; button_text_color=&#8221;#FFFFFF&#8221; button_bg_color=&#8221;gcid-c740829f-2d4d-4ebd-a20d-2efecd0077cc&#8221; button_border_width=&#8221;0px&#8221; button_letter_spacing=&#8221;0px&#8221; button_font=&#8221;Gilroy Bold|700||on|||||&#8221; button_icon=&#8221;&#xf138;||fa||900&#8243; button_icon_color=&#8221;#FFFFFF&#8221; button_icon_placement=&#8221;left&#8221; button_on_hover=&#8221;off&#8221; custom_padding=&#8221;15px||15px||true|false&#8221; global_colors_info=&#8221;{%22gcid-c740829f-2d4d-4ebd-a20d-2efecd0077cc%22:%91%22button_bg_color%22%93,%22gcid-3505dcab-ee80-435a-ba15-daa744aaa997%22:%91%22button_bg_color__hover%22%93}&#8221; button_bg_color__hover_enabled=&#8221;on|hover&#8221; button_bg_color__hover=&#8221;#81bd00&#8243; button_bg_enable_color__hover=&#8221;on&#8221;][\/et_pb_button][et_pb_text ul_item_indent=&#8221;30px&#8221; disabled_on=&#8221;on|on|on&#8221; _builder_version=&#8221;4.22.1&#8243; _module_preset=&#8221;default&#8221; text_font=&#8221;Open Sans||||||||&#8221; text_line_height=&#8221;2em&#8221; ul_line_height=&#8221;2em&#8221; header_font=&#8221;Oswald|||on|||||&#8221; header_text_color=&#8221;#333333&#8243; header_font_size=&#8221;50px&#8221; header_line_height=&#8221;1.5em&#8221; disabled=&#8221;on&#8221; global_colors_info=&#8221;{}&#8221;]<\/p>\n<h1>PROYECTOS DESTACADOS<\/h1>\n<p>[\/et_pb_text][et_pb_text ul_item_indent=&#8221;30px&#8221; disabled_on=&#8221;on|on|on&#8221; _builder_version=&#8221;4.22.1&#8243; _module_preset=&#8221;default&#8221; text_font=&#8221;Open Sans||||||||&#8221; text_text_color=&#8221;#333333&#8243; text_line_height=&#8221;2em&#8221; link_text_color=&#8221;gcid-3505dcab-ee80-435a-ba15-daa744aaa997&#8243; ul_line_height=&#8221;2em&#8221; disabled=&#8221;on&#8221; global_colors_info=&#8221;{%22gcid-3505dcab-ee80-435a-ba15-daa744aaa997%22:%91%22link_text_color%22%93}&#8221;]<\/p>\n<p>\u00c1rea Metropolitana de Barcelona:<\/p>\n<ul>\n<li>Assist\u00e8ncia t\u00e8cnica per a l\u2019elaboraci\u00f3 de Plans de millora i optimitzaci\u00f3 de les recollides selectives: Castellbisbal, Molins de Rei, Sant Vicen\u00e7 dels Horts, Sant Andreu de la Barca, Cervell\u00f3<\/li>\n<\/ul>\n<p>Ag\u00e8ncia de Residus de Catalunya:<\/p>\n<ul>\n<li><a href=\"https:\/\/entorna3.com\/portfolio\/assistencia-tecnica-al-departament-de-foment-de-la-recollida-selectiva\/\">Apoyo al Departamento de Fomento de la Recogida Selectiva<\/a><\/li>\n<li><a href=\"https:\/\/entorna3.com\/portfolio\/analisi-dels-costos-associats-a-les-tasques-realitzades-pels-ens-locals-de-catalunya-en-la-gestio-de-residus-daparells-electrics-raee-per-larc\/\">An\u00e0lisi dels costos associats a les tasques realitzades pels ens locals de Catalunya en la gesti\u00f3 dels RAEE<\/a> (Col\u00b7laboraci\u00f3 amb ENT)<\/li>\n<li><a href=\"https:\/\/entorna3.com\/portfolio\/servei-de-consultoria-al-projecte-europeu-subtract-arc\/\">Servei de Consultoria pel projecte Subtract<\/a> (Col\u00b7laboraci\u00f3 amb l\u2019Ag\u00e8ncia d&#8217;Ecologia Urbana de Barcelona)<\/li>\n<\/ul>\n<p>Ajuntament de Barcelona:<\/p>\n<ul>\n<li>Disseny i redacci\u00f3 del PCT del contracte de neteja de pintades, eliminaci\u00f3 de cartells i retirada de pancartes i elements de la via p\u00fablica.<\/li>\n<li>Disseny i redacci\u00f3 del PCT del nou servei de Neteja Vi\u00e0ria dels Interiors d\u2019Illa de l\u2019Eixample de Barcelona<\/li>\n<\/ul>\n<p>Ajuntament de Lleida:<\/p>\n<ul>\n<li><a href=\"https:\/\/entorna3.com\/portfolio\/pla-local-de-prevencio-de-residus-municipals-i-actuacions-de-prevencio-del-malbaratament-alimentari\/\">Elaboraci\u00f3 del Pla Local de Prevenci\u00f3 de residus municipals i actuacions de prevenci\u00f3 del malbaratament alimentari<\/a><\/li>\n<li>Suport a la sol\u00b7licitud d&#8217;ajuts de l\u2019ARC per a projectes de Prevenci\u00f3 i PxR de residus municipals<\/li>\n<\/ul>\n<p>Ajuntament de Ripollet:<\/p>\n<ul>\n<li>Suport t\u00e8cnic en la redacci\u00f3 del PCT per la licitaci\u00f3 dels serveis d\u2019implantaci\u00f3 de la recollida de residus mitjan\u00e7ant model porta a porta<\/li>\n<\/ul>\n<p>Ajuntament de Sant Climent de Llobregat:<\/p>\n<ul>\n<li>Estudio para la definici\u00f3n del modelo \u00f3ptimo de recogida de residuos<\/li>\n<\/ul>\n<p>Ajuntament d\u2019Esparreguera:<\/p>\n<ul>\n<li>Definici\u00f3 i an\u00e0lisi dels possibles escenaris pel nou servei de recollida de residus i redacci\u00f3 del PCT.<\/li>\n<li><a href=\"https:\/\/entorna3.com\/portfolio\/diagnosi-de-la-recollida-comercial-de-la-form-i-pla-de-millora-pel-municipi\/\">Diagnosi de l\u2019estat actual de la recollida de la FORM comercial i disseny del servei espec\u00edfic de recollida comercial<\/a><\/li>\n<\/ul>\n<p>Ajuntament de Castellv\u00ed de Rosanes:<\/p>\n<ul>\n<li>Definici\u00f3 del model \u00f2ptim de recollida de residus i redacci\u00f3 del PCT del servei de recollida i neteja vi\u00e0ria<\/li>\n<\/ul>\n<p>Ajuntament de Monistrol de Montserrat:<\/p>\n<ul>\n<li><a href=\"https:\/\/entorna3.com\/portfolio\/redaccio-del-ppt-i-estudi-economic-del-contracte-de-recollida-de-les-fraccions-resta-i-organica-i-la-neteja-viaria-de-monistrol-de-montserrat\/\">Redacci\u00f3 del PCT i de l\u2019estudi econ\u00f2mic del contracte de recollida de les fraccions resta i org\u00e0nica i la neteja vi\u00e0ria i suport en el proc\u00e9s d\u2019adjudicaci\u00f3<\/a><\/li>\n<\/ul>\n<p>Ajuntament de Tarragona:<\/p>\n<ul>\n<li>An\u00e1lisis de los residuos de fracci\u00f3n resto del municipio de Tarragona en los a\u00f1os 2018 y 2019<\/li>\n<\/ul>\n<p>Ajuntament de Collbat\u00f3:<\/p>\n<ul>\n<li>Disseny del servei de recollida de residus PaP, fracci\u00f3 vegetal i neteja vi\u00e0ria i redacci\u00f3 del PCT<\/li>\n<li>Inspecci\u00f3 dels compostadors dom\u00e8stics<\/li>\n<li>Actualitzaci\u00f3 de l&#8217;ordenan\u00e7a reguladora de la recollida de residus<\/li>\n<li>Estudio sobre el desperdicio alimentario y realizaci\u00f3n de actuaciones de prevenci\u00f3n de residuos en el Mercado semanal de los domingos<\/li>\n<\/ul>\n<p>Ajuntament de l\u2019Ametlla del Vall\u00e8s:<\/p>\n<ul>\n<li>Estudio econ\u00f3mico de los costes de tratamiento e ingresos por retorno o venta de los residuos provenientes de la recogida domiciliaria<\/li>\n<\/ul>\n<p>Ajuntament de Santa Maria de Palautordera:<\/p>\n<ul>\n<li><a href=\"https:\/\/entorna3.com\/portfolio\/estudi-dimplantacio-de-la-recollida-porta-a-porta-al-municipi-de-santa-maria-de-palautordera\/\">Estudi d\u2019implantaci\u00f3 de la recollida PaP al municipi de Sta. Maria de Palautordera<\/a> (Col\u00b7laboraci\u00f3 amb l\u2019Ag\u00e8ncia d&#8217;Ecologia Urbana de Barcelona)<\/li>\n<\/ul>\n<p>Ajuntament d\u2019Abrera:<\/p>\n<ul>\n<li><a href=\"https:\/\/entorna3.com\/portfolio\/pla-local-de-prevencio-de-residus-municipals-i-actuacio-pel-foment-de-la-reduccio-de-residus-en-esdeveniments\/\">Elaboraci\u00f3 del Pla Local de Prevenci\u00f3 de residus municipals amb participaci\u00f3 ciutadana i foment de la reducci\u00f3 de residus en esdeveniments<\/a><\/li>\n<\/ul>\n<p>[\/et_pb_text][\/et_pb_column][\/et_pb_row][\/et_pb_section]<\/p>\n","protected":false},"excerpt":{"rendered":"<p>Dise\u00f1amos y ejecutamos campa\u00f1as comunicativas y de implantaci\u00f3n de nuevos servicios, de mejores ambientales en organizaciones y empresas, y procesos de participaci\u00f3n ciudadana y de los agentes implicados en los proyectos que se llevan a cabo. Dise\u00f1o y ejecuci\u00f3n de campa\u00f1as de sensibilizaci\u00f3n para la mejora de la recogida selectiva, la prevenci\u00f3n de residuos y [&hellip;]<\/p>\n","protected":false},"author":1,"featured_media":0,"parent":0,"menu_order":0,"comment_status":"closed","ping_status":"closed","template":"","meta":{"_et_pb_use_builder":"on","_et_pb_old_content":"","_et_gb_content_width":"","inline_featured_image":false,"_monsterinsights_skip_tracking":false,"_monsterinsights_sitenote_active":false,"_monsterinsights_sitenote_note":"","_monsterinsights_sitenote_category":0,"footnotes":""},"class_list":["post-930","page","type-page","status-publish","hentry"],"yoast_head":"<!-- This site is optimized with the Yoast SEO plugin v27.2 - https:\/\/yoast.com\/product\/yoast-seo-wordpress\/ -->\n<title>Comunicaci\u00f3n y sensibilizaci\u00f3n ambiental - Entorna3<\/title>\n<meta name=\"description\" content=\"campa\u00f1as comunicativas y de implementaci\u00f3n de nuevos servicios, dise\u00f1o y dinamizaci\u00f3n de la participaci\u00f3n ciudadana\" \/>\n<meta name=\"robots\" content=\"index, follow, max-snippet:-1, max-image-preview:large, max-video-preview:-1\" \/>\n<link rel=\"canonical\" href=\"https:\/\/entorna3.com\/es\/participacion-ciudadana-y-sensibilizacion-ambiental\/\" \/>\n<meta property=\"og:locale\" content=\"es_ES\" \/>\n<meta property=\"og:type\" content=\"article\" \/>\n<meta property=\"og:title\" content=\"Comunicaci\u00f3n y sensibilizaci\u00f3n ambiental - Entorna3\" \/>\n<meta property=\"og:description\" content=\"campa\u00f1as comunicativas y de implementaci\u00f3n de nuevos servicios, dise\u00f1o y dinamizaci\u00f3n de la participaci\u00f3n ciudadana\" \/>\n<meta property=\"og:url\" content=\"https:\/\/entorna3.com\/es\/participacion-ciudadana-y-sensibilizacion-ambiental\/\" \/>\n<meta property=\"og:site_name\" content=\"Entorna3\" \/>\n<meta property=\"article:modified_time\" content=\"2026-03-05T14:23:39+00:00\" \/>\n<meta name=\"twitter:card\" content=\"summary_large_image\" \/>\n<meta name=\"twitter:site\" content=\"@entorna3\" \/>\n<meta name=\"twitter:label1\" content=\"Tiempo de lectura\" \/>\n\t<meta name=\"twitter:data1\" content=\"6 minutos\" \/>\n<script type=\"application\/ld+json\" class=\"yoast-schema-graph\">{\"@context\":\"https:\/\/schema.org\",\"@graph\":[{\"@type\":\"WebPage\",\"@id\":\"https:\/\/entorna3.com\/es\/participacion-ciudadana-y-sensibilizacion-ambiental\/\",\"url\":\"https:\/\/entorna3.com\/es\/participacion-ciudadana-y-sensibilizacion-ambiental\/\",\"name\":\"Comunicaci\u00f3n y sensibilizaci\u00f3n ambiental - Entorna3\",\"isPartOf\":{\"@id\":\"https:\/\/entorna3.com\/es\/#website\"},\"datePublished\":\"2023-10-09T10:03:54+00:00\",\"dateModified\":\"2026-03-05T14:23:39+00:00\",\"description\":\"campa\u00f1as comunicativas y de implementaci\u00f3n de nuevos servicios, dise\u00f1o y dinamizaci\u00f3n de la participaci\u00f3n ciudadana\",\"breadcrumb\":{\"@id\":\"https:\/\/entorna3.com\/es\/participacion-ciudadana-y-sensibilizacion-ambiental\/#breadcrumb\"},\"inLanguage\":\"es\",\"potentialAction\":[{\"@type\":\"ReadAction\",\"target\":[\"https:\/\/entorna3.com\/es\/participacion-ciudadana-y-sensibilizacion-ambiental\/\"]}]},{\"@type\":\"BreadcrumbList\",\"@id\":\"https:\/\/entorna3.com\/es\/participacion-ciudadana-y-sensibilizacion-ambiental\/#breadcrumb\",\"itemListElement\":[{\"@type\":\"ListItem\",\"position\":1,\"name\":\"Inici\",\"item\":\"https:\/\/entorna3.com\/es\/inici-nou\/\"},{\"@type\":\"ListItem\",\"position\":2,\"name\":\"Comunicaci\u00f3n y sensibilizaci\u00f3n ambiental\"}]},{\"@type\":\"WebSite\",\"@id\":\"https:\/\/entorna3.com\/es\/#website\",\"url\":\"https:\/\/entorna3.com\/es\/\",\"name\":\"Entorna3\",\"description\":\"Projectes ambientals amb una mirada social\",\"publisher\":{\"@id\":\"https:\/\/entorna3.com\/es\/#organization\"},\"potentialAction\":[{\"@type\":\"SearchAction\",\"target\":{\"@type\":\"EntryPoint\",\"urlTemplate\":\"https:\/\/entorna3.com\/es\/?s={search_term_string}\"},\"query-input\":{\"@type\":\"PropertyValueSpecification\",\"valueRequired\":true,\"valueName\":\"search_term_string\"}}],\"inLanguage\":\"es\"},{\"@type\":\"Organization\",\"@id\":\"https:\/\/entorna3.com\/es\/#organization\",\"name\":\"Entorna3\",\"url\":\"https:\/\/entorna3.com\/es\/\",\"logo\":{\"@type\":\"ImageObject\",\"inLanguage\":\"es\",\"@id\":\"https:\/\/entorna3.com\/es\/#\/schema\/logo\/image\/\",\"url\":\"https:\/\/entorna3.com\/wp-content\/uploads\/2023\/10\/cropped-favicon.png\",\"contentUrl\":\"https:\/\/entorna3.com\/wp-content\/uploads\/2023\/10\/cropped-favicon.png\",\"width\":512,\"height\":512,\"caption\":\"Entorna3\"},\"image\":{\"@id\":\"https:\/\/entorna3.com\/es\/#\/schema\/logo\/image\/\"},\"sameAs\":[\"https:\/\/x.com\/entorna3\",\"https:\/\/www.linkedin.com\/company\/entorna3.-projectes-socioambientals\/\"]}]}<\/script>\n<!-- \/ Yoast SEO plugin. -->","yoast_head_json":{"title":"Comunicaci\u00f3n y sensibilizaci\u00f3n ambiental - Entorna3","description":"campa\u00f1as comunicativas y de implementaci\u00f3n de nuevos servicios, dise\u00f1o y dinamizaci\u00f3n de la participaci\u00f3n ciudadana","robots":{"index":"index","follow":"follow","max-snippet":"max-snippet:-1","max-image-preview":"max-image-preview:large","max-video-preview":"max-video-preview:-1"},"canonical":"https:\/\/entorna3.com\/es\/participacion-ciudadana-y-sensibilizacion-ambiental\/","og_locale":"es_ES","og_type":"article","og_title":"Comunicaci\u00f3n y sensibilizaci\u00f3n ambiental - Entorna3","og_description":"campa\u00f1as comunicativas y de implementaci\u00f3n de nuevos servicios, dise\u00f1o y dinamizaci\u00f3n de la participaci\u00f3n ciudadana","og_url":"https:\/\/entorna3.com\/es\/participacion-ciudadana-y-sensibilizacion-ambiental\/","og_site_name":"Entorna3","article_modified_time":"2026-03-05T14:23:39+00:00","twitter_card":"summary_large_image","twitter_site":"@entorna3","twitter_misc":{"Tiempo de lectura":"6 minutos"},"schema":{"@context":"https:\/\/schema.org","@graph":[{"@type":"WebPage","@id":"https:\/\/entorna3.com\/es\/participacion-ciudadana-y-sensibilizacion-ambiental\/","url":"https:\/\/entorna3.com\/es\/participacion-ciudadana-y-sensibilizacion-ambiental\/","name":"Comunicaci\u00f3n y sensibilizaci\u00f3n ambiental - Entorna3","isPartOf":{"@id":"https:\/\/entorna3.com\/es\/#website"},"datePublished":"2023-10-09T10:03:54+00:00","dateModified":"2026-03-05T14:23:39+00:00","description":"campa\u00f1as comunicativas y de implementaci\u00f3n de nuevos servicios, dise\u00f1o y dinamizaci\u00f3n de la participaci\u00f3n ciudadana","breadcrumb":{"@id":"https:\/\/entorna3.com\/es\/participacion-ciudadana-y-sensibilizacion-ambiental\/#breadcrumb"},"inLanguage":"es","potentialAction":[{"@type":"ReadAction","target":["https:\/\/entorna3.com\/es\/participacion-ciudadana-y-sensibilizacion-ambiental\/"]}]},{"@type":"BreadcrumbList","@id":"https:\/\/entorna3.com\/es\/participacion-ciudadana-y-sensibilizacion-ambiental\/#breadcrumb","itemListElement":[{"@type":"ListItem","position":1,"name":"Inici","item":"https:\/\/entorna3.com\/es\/inici-nou\/"},{"@type":"ListItem","position":2,"name":"Comunicaci\u00f3n y sensibilizaci\u00f3n ambiental"}]},{"@type":"WebSite","@id":"https:\/\/entorna3.com\/es\/#website","url":"https:\/\/entorna3.com\/es\/","name":"Entorna3","description":"Projectes ambientals amb una mirada social","publisher":{"@id":"https:\/\/entorna3.com\/es\/#organization"},"potentialAction":[{"@type":"SearchAction","target":{"@type":"EntryPoint","urlTemplate":"https:\/\/entorna3.com\/es\/?s={search_term_string}"},"query-input":{"@type":"PropertyValueSpecification","valueRequired":true,"valueName":"search_term_string"}}],"inLanguage":"es"},{"@type":"Organization","@id":"https:\/\/entorna3.com\/es\/#organization","name":"Entorna3","url":"https:\/\/entorna3.com\/es\/","logo":{"@type":"ImageObject","inLanguage":"es","@id":"https:\/\/entorna3.com\/es\/#\/schema\/logo\/image\/","url":"https:\/\/entorna3.com\/wp-content\/uploads\/2023\/10\/cropped-favicon.png","contentUrl":"https:\/\/entorna3.com\/wp-content\/uploads\/2023\/10\/cropped-favicon.png","width":512,"height":512,"caption":"Entorna3"},"image":{"@id":"https:\/\/entorna3.com\/es\/#\/schema\/logo\/image\/"},"sameAs":["https:\/\/x.com\/entorna3","https:\/\/www.linkedin.com\/company\/entorna3.-projectes-socioambientals\/"]}]}},"_links":{"self":[{"href":"https:\/\/entorna3.com\/es\/wp-json\/wp\/v2\/pages\/930","targetHints":{"allow":["GET"]}}],"collection":[{"href":"https:\/\/entorna3.com\/es\/wp-json\/wp\/v2\/pages"}],"about":[{"href":"https:\/\/entorna3.com\/es\/wp-json\/wp\/v2\/types\/page"}],"author":[{"embeddable":true,"href":"https:\/\/entorna3.com\/es\/wp-json\/wp\/v2\/users\/1"}],"replies":[{"embeddable":true,"href":"https:\/\/entorna3.com\/es\/wp-json\/wp\/v2\/comments?post=930"}],"version-history":[{"count":41,"href":"https:\/\/entorna3.com\/es\/wp-json\/wp\/v2\/pages\/930\/revisions"}],"predecessor-version":[{"id":2933,"href":"https:\/\/entorna3.com\/es\/wp-json\/wp\/v2\/pages\/930\/revisions\/2933"}],"wp:attachment":[{"href":"https:\/\/entorna3.com\/es\/wp-json\/wp\/v2\/media?parent=930"}],"curies":[{"name":"wp","href":"https:\/\/api.w.org\/{rel}","templated":true}]}}