{"id":924,"date":"2023-09-14T20:43:17","date_gmt":"2023-09-14T18:43:17","guid":{"rendered":"https:\/\/entorna3.com\/diseno-de-servicios-de-gestion-de-residuos\/"},"modified":"2026-03-05T15:23:13","modified_gmt":"2026-03-05T14:23:13","slug":"diseno-de-servicios-de-gestion-de-residuos","status":"publish","type":"page","link":"https:\/\/entorna3.com\/es\/diseno-de-servicios-de-gestion-de-residuos\/","title":{"rendered":"Dise\u00f1o de servicios de recogida y gesti\u00f3n de residuos"},"content":{"rendered":"<p>[et_pb_section fb_built=&#8221;1&#8243; _builder_version=&#8221;4.22.2&#8243; _module_preset=&#8221;default&#8221; custom_margin=&#8221;0px||0px||false|false&#8221; custom_padding=&#8221;0px||0px||false|false&#8221; global_colors_info=&#8221;{}&#8221;][et_pb_row _builder_version=&#8221;4.22.2&#8243; _module_preset=&#8221;default&#8221; background_color=&#8221;rgba(0,0,0,0.55)&#8221; background_image=&#8221;https:\/\/entorna3.com\/wp-content\/uploads\/2023\/10\/Imagen-de-WhatsApp-2023-10-09-a-las-16.06.49_1abc85f1-jpg-e1697022385708.webp&#8221; background_blend=&#8221;multiply&#8221; width=&#8221;100%&#8221; max_width=&#8221;100%&#8221; custom_margin=&#8221;0px||0px||false|false&#8221; custom_padding=&#8221;65px||65px||false|false&#8221; global_colors_info=&#8221;{}&#8221;][et_pb_column type=&#8221;4_4&#8243; _builder_version=&#8221;4.22.1&#8243; _module_preset=&#8221;default&#8221; global_colors_info=&#8221;{}&#8221;][et_pb_text _builder_version=&#8221;4.22.2&#8243; _dynamic_attributes=&#8221;content&#8221; _module_preset=&#8221;default&#8221; text_font=&#8221;Open Sans||||||||&#8221; text_text_color=&#8221;#FFFFFF&#8221; header_font=&#8221;Gilroy Bold||||||||&#8221; header_text_align=&#8221;center&#8221; header_text_color=&#8221;#FFFFFF&#8221; header_font_size=&#8221;72px&#8221; header_letter_spacing=&#8221;-2px&#8221; header_line_height=&#8221;1.2em&#8221; text_orientation=&#8221;center&#8221; width=&#8221;90%&#8221; max_width=&#8221;850px&#8221; module_alignment=&#8221;center&#8221; header_font_size_tablet=&#8221;72px&#8221; header_font_size_phone=&#8221;40px&#8221; header_font_size_last_edited=&#8221;on|phone&#8221; global_colors_info=&#8221;{}&#8221;]@ET-DC@eyJkeW5hbWljIjp0cnVlLCJjb250ZW50IjoicG9zdF90aXRsZSIsInNldHRpbmdzIjp7ImJlZm9yZSI6IjxoMT4iLCJhZnRlciI6IjwvaDE+IiwiZW5hYmxlX2h0bWwiOiJvZmYifX0=@[\/et_pb_text][\/et_pb_column][\/et_pb_row][\/et_pb_section][et_pb_section fb_built=&#8221;1&#8243; custom_padding_last_edited=&#8221;on|tablet&#8221; _builder_version=&#8221;4.22.2&#8243; _module_preset=&#8221;default&#8221; custom_margin=&#8221;0px||0px||false|false&#8221; custom_padding=&#8221;0px||50px||false|false&#8221; custom_padding_tablet=&#8221;|15px||15px|false|true&#8221; custom_padding_phone=&#8221;|15px||15px|false|true&#8221; global_colors_info=&#8221;{}&#8221;][et_pb_row _builder_version=&#8221;4.22.2&#8243; _module_preset=&#8221;default&#8221; width_tablet=&#8221;100%&#8221; width_phone=&#8221;100%&#8221; width_last_edited=&#8221;on|tablet&#8221; custom_padding=&#8221;50px||0px||false|false&#8221; global_colors_info=&#8221;{}&#8221;][et_pb_column type=&#8221;4_4&#8243; _builder_version=&#8221;4.22.1&#8243; _module_preset=&#8221;default&#8221; global_colors_info=&#8221;{}&#8221;][et_pb_text ul_item_indent=&#8221;15px&#8221; _builder_version=&#8221;4.27.6&#8243; _module_preset=&#8221;default&#8221; text_font=&#8221;Gilroy Medium|300|||||||&#8221; text_text_color=&#8221;#3c3c3b&#8221; text_line_height=&#8221;1.69em&#8221; ul_line_height=&#8221;1.69em&#8221; custom_margin=&#8221;||-45px|||&#8221; hover_enabled=&#8221;0&#8243; global_colors_info=&#8221;{}&#8221; sticky_enabled=&#8221;0&#8243;]<\/p>\n<h1>Servicios de recojida y limpieza viaria<\/h1>\n<p>Ofrecemos un servicio integral a los entes locales y supramunicipales en todas las etapas de un proceso de cambio y mejora de la gesti\u00f3n de residuos y recursos, siguiendo un modelo de econom\u00eda circular y priorizando <span style=\"color: #1f773a;\"><strong>la prevenci\u00f3n y la reutilizaci\u00f3n, el fomento de la recogida selectiva y la optimizaci\u00f3n y mejora continua de los servicios<\/strong><\/span>, para dar cumplimiento a los objetivos establecidos en la normativa vigente.<\/p>\n<ul>\n<ul>\n<li><a href=\"https:\/\/entorna3.com\/es\/project\/diagnosis-tecnica-y-ciudadana-de-los-servicios\/\">Diagnosis t\u00e9cnica y ciudadana de la situaci\u00f3n actual de los servicios<\/a><\/li>\n<li><a href=\"https:\/\/entorna3.com\/es\/project\/asesoramiento-y-diseno-tecnico-y-economico-para-nuevos-modelos-de-recogida\/\">Asesoramiento y dise\u00f1o t\u00e9cnico y econ\u00f3mico para la implantaci\u00f3n de nuevos modelos y mejora de los servicios de recogida.<\/a><\/li>\n<li><a href=\"https:\/\/entorna3.com\/es\/project\/diseno-y-mejora-de-servicios-de-limpieza-viaria\/\">Asesoramiento y dise\u00f1o t\u00e9cnico y econ\u00f3mico de servicios de limpieza viaria.<\/a><\/li>\n<li><a href=\"https:\/\/entorna3.com\/es\/project\/pliegos-de-prescripciones-tecnicas-y-apoyo-en-la-licitacion\/\">Redacci\u00f3n de Pliegos de Prescripciones t\u00e9cnicas y apoyo en la redacci\u00f3n de Pliegos de Cl\u00e1usulas Administrativas Particulares y en el proceso de licitaci\u00f3n y adjudicaci\u00f3n.<\/a><\/li>\n<li><a href=\"https:\/\/entorna3.com\/es\/project\/control-economico-y-de-la-prestacion-del-servicio\/\">Control econ\u00f3mico y de la prestaci\u00f3n de los servicios e implementaci\u00f3n de sistemas de mejora continua.<\/a><\/li>\n<li><a href=\"https:\/\/entorna3.com\/es\/project\/redaccion-de-instrumentos-estrategicos-y-de-planificacion\/\">Redacci\u00f3n, implementaci\u00f3n y seguimiento de instrumentos estrat\u00e9gicos y de planificaci\u00f3n de prevenci\u00f3n y gesti\u00f3n de residuos.<br \/><\/a><\/li>\n<li><a href=\"https:\/\/entorna3.com\/es\/project\/diseno-y-redaccion-de-instrumentos-fiscales-y-reguladores\/\">Dise\u00f1o y redacci\u00f3n de instrumentos fiscales y reguladores del servicio de recogida<\/a><\/li>\n<li>Asesoramiento t\u00e9cnico a la administraci\u00f3n en la determinaci\u00f3n de costes del servicio y apoyo en la negociaci\u00f3n de convenios con los SRAP.<\/li>\n<li><a href=\"https:\/\/entorna3.com\/es\/project\/proyectos-en-prevencion-de-residuos\/\">Dise\u00f1o e implementaci\u00f3n de proyectos en el \u00e1mbito de la prevenci\u00f3n, reutilizaci\u00f3n y preparaci\u00f3n para la reutilizaci\u00f3n de residuos.<\/a><\/li>\n<\/ul>\n<\/ul>\n<p>&nbsp;<\/p>\n<p>[\/et_pb_text][\/et_pb_column][\/et_pb_row][et_pb_row column_structure=&#8221;1_2,1_2&#8243; _builder_version=&#8221;4.23.4&#8243; _module_preset=&#8221;default&#8221; global_colors_info=&#8221;{}&#8221;][et_pb_column type=&#8221;1_2&#8243; _builder_version=&#8221;4.23.4&#8243; _module_preset=&#8221;default&#8221; global_colors_info=&#8221;{}&#8221;][et_pb_button button_url=&#8221;https:\/\/entorna3.com\/es\/referencias-tecnicas-en-gestion-de-residuos\/&#8221; url_new_window=&#8221;on&#8221; button_text=&#8221;Referencias t\u00e9cnicas en gesti\u00f3n de residuos&#8221; _builder_version=&#8221;4.23.4&#8243; _module_preset=&#8221;default&#8221; custom_button=&#8221;on&#8221; button_text_size=&#8221;16px&#8221; button_text_color=&#8221;#FFFFFF&#8221; button_bg_color=&#8221;gcid-c740829f-2d4d-4ebd-a20d-2efecd0077cc&#8221; button_border_width=&#8221;0px&#8221; button_letter_spacing=&#8221;0px&#8221; button_font=&#8221;Gilroy Bold|700||on|||||&#8221; button_icon=&#8221;&#xf138;||fa||900&#8243; button_icon_color=&#8221;#FFFFFF&#8221; button_icon_placement=&#8221;left&#8221; button_on_hover=&#8221;off&#8221; custom_padding=&#8221;15px||15px||true|false&#8221; global_colors_info=&#8221;{%22gcid-c740829f-2d4d-4ebd-a20d-2efecd0077cc%22:%91%22button_bg_color%22%93,%22gcid-3505dcab-ee80-435a-ba15-daa744aaa997%22:%91%22button_bg_color__hover%22%93}&#8221; button_text__hover_enabled=&#8221;off|desktop&#8221; button_text_color__hover_enabled=&#8221;on|hover&#8221; button_text_color__hover=&#8221;#FFFFFF&#8221; button_bg_color__hover_enabled=&#8221;on|hover&#8221; button_bg_color__hover=&#8221;#81bd00&#8243; button_bg_enable_color__hover=&#8221;on&#8221;][\/et_pb_button][\/et_pb_column][et_pb_column type=&#8221;1_2&#8243; _builder_version=&#8221;4.23.4&#8243; _module_preset=&#8221;default&#8221; global_colors_info=&#8221;{}&#8221;][et_pb_button button_url=&#8221;https:\/\/entorna3.com\/es\/referencias-tecnicas-en-planes-de-prevencion-de-residuos\/&#8221; url_new_window=&#8221;on&#8221; button_text=&#8221;Referencias t\u00e9cnicas en planes de prevenci\u00f3n&#8221; _builder_version=&#8221;4.23.4&#8243; _module_preset=&#8221;default&#8221; custom_button=&#8221;on&#8221; button_text_size=&#8221;16px&#8221; button_text_color=&#8221;#FFFFFF&#8221; button_bg_color=&#8221;gcid-c740829f-2d4d-4ebd-a20d-2efecd0077cc&#8221; button_border_width=&#8221;0px&#8221; button_letter_spacing=&#8221;0px&#8221; button_font=&#8221;Gilroy Bold|700||on|||||&#8221; button_icon=&#8221;&#xf138;||fa||900&#8243; button_icon_color=&#8221;#FFFFFF&#8221; button_icon_placement=&#8221;left&#8221; button_on_hover=&#8221;off&#8221; custom_padding=&#8221;15px||15px||true|false&#8221; global_colors_info=&#8221;{%22gcid-c740829f-2d4d-4ebd-a20d-2efecd0077cc%22:%91%22button_bg_color%22%93,%22gcid-3505dcab-ee80-435a-ba15-daa744aaa997%22:%91%22button_bg_color__hover%22%93}&#8221; button_text__hover_enabled=&#8221;off|desktop&#8221; button_text_color__hover_enabled=&#8221;on|hover&#8221; button_text_color__hover=&#8221;#FFFFFF&#8221; button_bg_color__hover_enabled=&#8221;on|hover&#8221; button_bg_color__hover=&#8221;#81bd00&#8243; button_bg_enable_color__hover=&#8221;on&#8221;][\/et_pb_button][\/et_pb_column][\/et_pb_row][et_pb_row _builder_version=&#8221;4.22.2&#8243; _module_preset=&#8221;default&#8221; width_tablet=&#8221;100%&#8221; width_phone=&#8221;100%&#8221; width_last_edited=&#8221;on|tablet&#8221; custom_padding=&#8221;50px||0px||false|false&#8221; global_colors_info=&#8221;{}&#8221;][et_pb_column type=&#8221;4_4&#8243; _builder_version=&#8221;4.22.1&#8243; _module_preset=&#8221;default&#8221; global_colors_info=&#8221;{}&#8221;][et_pb_text ul_item_indent=&#8221;15px&#8221; _builder_version=&#8221;4.27.6&#8243; _module_preset=&#8221;default&#8221; text_font=&#8221;Gilroy Medium|300|||||||&#8221; text_text_color=&#8221;#3c3c3b&#8221; text_line_height=&#8221;1.69em&#8221; ul_line_height=&#8221;1.69em&#8221; locked=&#8221;off&#8221; global_colors_info=&#8221;{}&#8221;]<\/p>\n<h1>Servicios de puntos limpios<\/h1>\n<p>Ofrecemos un servicio integral a los entes locales para la adecuaci\u00f3n y mejora de puntos limpios, y aseguramos el cumplimiento de la normativa vigente y la optimizaci\u00f3n de la gesti\u00f3n de la instalaci\u00f3n con los recursos existentes. Con estos servicios fomentamos la transici\u00f3n entre ser centros de recepci\u00f3n de residuos y convertirse en espacios ambientales de referencia en los municipios, con servicios de recepci\u00f3n y almacenamiento de productos para la reutilizaci\u00f3n y de residuos municipales para los tratamientos posteriores: preparaci\u00f3n para la reutilizaci\u00f3n, valorizaci\u00f3n y disposici\u00f3n final.<\/p>\n<ul>\n<li><a href=\"https:\/\/entorna3.com\/es\/project\/diagnosis-y-definicion-de-propuestas-de-mejora\/\">Diagnosis y definici\u00f3n de propuestas de mejora<\/a><\/li>\n<li><a href=\"https:\/\/entorna3.com\/es\/project\/asesoramiento-y-diseno-tecnico-y-economico-del-nuevo-servicio-de-punto-limpio\/\">Asesoramiento y dise\u00f1o t\u00e9cnico y econ\u00f3mico del nuevo servicio de punto limpio<\/a><\/li>\n<li><a href=\"https:\/\/entorna3.com\/es\/project\/pliegos-de-prescripciones-tecnicas-y-apoyo-en-el-proceso-de-licitacion-y-adjudicacion\/\">Redacci\u00f3n de Pliegos de Prescripciones T\u00e9cnicas, apoyo en la redacci\u00f3n de Pliegos de Cl\u00e1usulas Administrativas Particulares y apoyo en el proceso de licitaci\u00f3n y adjudicaci\u00f3n.<\/a><\/li>\n<li><a href=\"https:\/\/entorna3.com\/es\/project\/diseno-e-implementacion-de-espacios-de-reutilizacion-y-preparacion-para-la-reutilizacion\/\">Dise\u00f1o e implementaci\u00f3n de espacios de Reutilizaci\u00f3n y Preparaci\u00f3n para la Reutilizaci\u00f3n<\/a><\/li>\n<li><a href=\"https:\/\/entorna3.com\/es\/project\/apoyo-en-la-redaccion-del-reglamento-del-servicio-de-punto-limpio\/\">Redacci\u00f3n del Reglamento del servicio de punto limpio.<\/a><\/li>\n<li><a href=\"https:\/\/entorna3.com\/es\/project\/apoyo-en-la-regularizacion-de-la-actividad\/\">Apoyo en la regularizaci\u00f3n de la actividad<\/a><\/li>\n<\/ul>\n<p>[\/et_pb_text][\/et_pb_column][\/et_pb_row][et_pb_row _builder_version=&#8221;4.27.6&#8243; _module_preset=&#8221;default&#8221; global_colors_info=&#8221;{}&#8221;][et_pb_column type=&#8221;4_4&#8243; _builder_version=&#8221;4.27.6&#8243; _module_preset=&#8221;default&#8221; global_colors_info=&#8221;{}&#8221;][et_pb_button button_url=&#8221;https:\/\/entorna3.com\/es\/referencias-tecnicas-en-puntos-limpios\/&#8221; button_text=&#8221;Referencias t\u00e9cnicas en puntos limpios&#8221; _builder_version=&#8221;4.27.6&#8243; _module_preset=&#8221;default&#8221; custom_button=&#8221;on&#8221; button_text_size=&#8221;16px&#8221; button_text_color=&#8221;#FFFFFF&#8221; button_bg_color=&#8221;gcid-c740829f-2d4d-4ebd-a20d-2efecd0077cc&#8221; button_border_width=&#8221;0px&#8221; button_letter_spacing=&#8221;0px&#8221; button_font=&#8221;Gilroy Bold|700||on|||||&#8221; button_icon=&#8221;&#xf138;||fa||900&#8243; button_icon_color=&#8221;#FFFFFF&#8221; button_icon_placement=&#8221;left&#8221; button_on_hover=&#8221;off&#8221; custom_padding=&#8221;15px||15px||true|false&#8221; hover_enabled=&#8221;0&#8243; locked=&#8221;off&#8221; global_colors_info=&#8221;{%22gcid-c740829f-2d4d-4ebd-a20d-2efecd0077cc%22:%91%22button_bg_color%22%93,%22gcid-3505dcab-ee80-435a-ba15-daa744aaa997%22:%91%22button_bg_color__hover%22%93}&#8221; button_bg_color__hover_enabled=&#8221;on|hover&#8221; button_bg_color__hover=&#8221;#81bd00&#8243; button_bg_enable_color__hover=&#8221;on&#8221; sticky_enabled=&#8221;0&#8243;][\/et_pb_button][\/et_pb_column][\/et_pb_row][\/et_pb_section]<\/p>\n","protected":false},"excerpt":{"rendered":"<p>Servicios de recojida y limpieza viaria Ofrecemos un servicio integral a los entes locales y supramunicipales en todas las etapas de un proceso de cambio y mejora de la gesti\u00f3n de residuos y recursos, siguiendo un modelo de econom\u00eda circular y priorizando la prevenci\u00f3n y la reutilizaci\u00f3n, el fomento de la recogida selectiva y la [&hellip;]<\/p>\n","protected":false},"author":1,"featured_media":0,"parent":0,"menu_order":0,"comment_status":"closed","ping_status":"closed","template":"","meta":{"_et_pb_use_builder":"on","_et_pb_old_content":"","_et_gb_content_width":"","inline_featured_image":false,"_monsterinsights_skip_tracking":false,"_monsterinsights_sitenote_active":false,"_monsterinsights_sitenote_note":"","_monsterinsights_sitenote_category":0,"footnotes":""},"class_list":["post-924","page","type-page","status-publish","hentry"],"yoast_head":"<!-- This site is optimized with the Yoast SEO plugin v27.2 - https:\/\/yoast.com\/product\/yoast-seo-wordpress\/ -->\n<title>Dise\u00f1o de servicios de recogida y gesti\u00f3n de residuos - Entorna3<\/title>\n<meta name=\"description\" content=\"mejora de las gesti\u00f3n de residuos, priorizando la prevenci\u00f3n y la reutilizaci\u00f3n, y la mejora de la recogida selectiva y de los servicios\" \/>\n<meta name=\"robots\" content=\"index, follow, max-snippet:-1, max-image-preview:large, max-video-preview:-1\" \/>\n<link rel=\"canonical\" href=\"https:\/\/entorna3.com\/es\/diseno-de-servicios-de-gestion-de-residuos\/\" \/>\n<meta property=\"og:locale\" content=\"es_ES\" \/>\n<meta property=\"og:type\" content=\"article\" \/>\n<meta property=\"og:title\" content=\"Dise\u00f1o de servicios de recogida y gesti\u00f3n de residuos - Entorna3\" \/>\n<meta property=\"og:description\" content=\"mejora de las gesti\u00f3n de residuos, priorizando la prevenci\u00f3n y la reutilizaci\u00f3n, y la mejora de la recogida selectiva y de los servicios\" \/>\n<meta property=\"og:url\" content=\"https:\/\/entorna3.com\/es\/diseno-de-servicios-de-gestion-de-residuos\/\" \/>\n<meta property=\"og:site_name\" content=\"Entorna3\" \/>\n<meta property=\"article:modified_time\" content=\"2026-03-05T14:23:13+00:00\" \/>\n<meta name=\"twitter:card\" content=\"summary_large_image\" \/>\n<meta name=\"twitter:site\" content=\"@entorna3\" \/>\n<meta name=\"twitter:label1\" content=\"Tiempo de lectura\" \/>\n\t<meta name=\"twitter:data1\" content=\"7 minutos\" \/>\n<script type=\"application\/ld+json\" class=\"yoast-schema-graph\">{\"@context\":\"https:\/\/schema.org\",\"@graph\":[{\"@type\":\"WebPage\",\"@id\":\"https:\/\/entorna3.com\/es\/diseno-de-servicios-de-gestion-de-residuos\/\",\"url\":\"https:\/\/entorna3.com\/es\/diseno-de-servicios-de-gestion-de-residuos\/\",\"name\":\"Dise\u00f1o de servicios de recogida y gesti\u00f3n de residuos - Entorna3\",\"isPartOf\":{\"@id\":\"https:\/\/entorna3.com\/es\/#website\"},\"datePublished\":\"2023-09-14T18:43:17+00:00\",\"dateModified\":\"2026-03-05T14:23:13+00:00\",\"description\":\"mejora de las gesti\u00f3n de residuos, priorizando la prevenci\u00f3n y la reutilizaci\u00f3n, y la mejora de la recogida selectiva y de los servicios\",\"breadcrumb\":{\"@id\":\"https:\/\/entorna3.com\/es\/diseno-de-servicios-de-gestion-de-residuos\/#breadcrumb\"},\"inLanguage\":\"es\",\"potentialAction\":[{\"@type\":\"ReadAction\",\"target\":[\"https:\/\/entorna3.com\/es\/diseno-de-servicios-de-gestion-de-residuos\/\"]}]},{\"@type\":\"BreadcrumbList\",\"@id\":\"https:\/\/entorna3.com\/es\/diseno-de-servicios-de-gestion-de-residuos\/#breadcrumb\",\"itemListElement\":[{\"@type\":\"ListItem\",\"position\":1,\"name\":\"Inici\",\"item\":\"https:\/\/entorna3.com\/es\/inici-nou\/\"},{\"@type\":\"ListItem\",\"position\":2,\"name\":\"Dise\u00f1o de servicios de recogida y gesti\u00f3n de residuos\"}]},{\"@type\":\"WebSite\",\"@id\":\"https:\/\/entorna3.com\/es\/#website\",\"url\":\"https:\/\/entorna3.com\/es\/\",\"name\":\"Entorna3\",\"description\":\"Projectes ambientals amb una mirada social\",\"publisher\":{\"@id\":\"https:\/\/entorna3.com\/es\/#organization\"},\"potentialAction\":[{\"@type\":\"SearchAction\",\"target\":{\"@type\":\"EntryPoint\",\"urlTemplate\":\"https:\/\/entorna3.com\/es\/?s={search_term_string}\"},\"query-input\":{\"@type\":\"PropertyValueSpecification\",\"valueRequired\":true,\"valueName\":\"search_term_string\"}}],\"inLanguage\":\"es\"},{\"@type\":\"Organization\",\"@id\":\"https:\/\/entorna3.com\/es\/#organization\",\"name\":\"Entorna3\",\"url\":\"https:\/\/entorna3.com\/es\/\",\"logo\":{\"@type\":\"ImageObject\",\"inLanguage\":\"es\",\"@id\":\"https:\/\/entorna3.com\/es\/#\/schema\/logo\/image\/\",\"url\":\"https:\/\/entorna3.com\/wp-content\/uploads\/2023\/10\/cropped-favicon.png\",\"contentUrl\":\"https:\/\/entorna3.com\/wp-content\/uploads\/2023\/10\/cropped-favicon.png\",\"width\":512,\"height\":512,\"caption\":\"Entorna3\"},\"image\":{\"@id\":\"https:\/\/entorna3.com\/es\/#\/schema\/logo\/image\/\"},\"sameAs\":[\"https:\/\/x.com\/entorna3\",\"https:\/\/www.linkedin.com\/company\/entorna3.-projectes-socioambientals\/\"]}]}<\/script>\n<!-- \/ Yoast SEO plugin. -->","yoast_head_json":{"title":"Dise\u00f1o de servicios de recogida y gesti\u00f3n de residuos - Entorna3","description":"mejora de las gesti\u00f3n de residuos, priorizando la prevenci\u00f3n y la reutilizaci\u00f3n, y la mejora de la recogida selectiva y de los servicios","robots":{"index":"index","follow":"follow","max-snippet":"max-snippet:-1","max-image-preview":"max-image-preview:large","max-video-preview":"max-video-preview:-1"},"canonical":"https:\/\/entorna3.com\/es\/diseno-de-servicios-de-gestion-de-residuos\/","og_locale":"es_ES","og_type":"article","og_title":"Dise\u00f1o de servicios de recogida y gesti\u00f3n de residuos - Entorna3","og_description":"mejora de las gesti\u00f3n de residuos, priorizando la prevenci\u00f3n y la reutilizaci\u00f3n, y la mejora de la recogida selectiva y de los servicios","og_url":"https:\/\/entorna3.com\/es\/diseno-de-servicios-de-gestion-de-residuos\/","og_site_name":"Entorna3","article_modified_time":"2026-03-05T14:23:13+00:00","twitter_card":"summary_large_image","twitter_site":"@entorna3","twitter_misc":{"Tiempo de lectura":"7 minutos"},"schema":{"@context":"https:\/\/schema.org","@graph":[{"@type":"WebPage","@id":"https:\/\/entorna3.com\/es\/diseno-de-servicios-de-gestion-de-residuos\/","url":"https:\/\/entorna3.com\/es\/diseno-de-servicios-de-gestion-de-residuos\/","name":"Dise\u00f1o de servicios de recogida y gesti\u00f3n de residuos - Entorna3","isPartOf":{"@id":"https:\/\/entorna3.com\/es\/#website"},"datePublished":"2023-09-14T18:43:17+00:00","dateModified":"2026-03-05T14:23:13+00:00","description":"mejora de las gesti\u00f3n de residuos, priorizando la prevenci\u00f3n y la reutilizaci\u00f3n, y la mejora de la recogida selectiva y de los servicios","breadcrumb":{"@id":"https:\/\/entorna3.com\/es\/diseno-de-servicios-de-gestion-de-residuos\/#breadcrumb"},"inLanguage":"es","potentialAction":[{"@type":"ReadAction","target":["https:\/\/entorna3.com\/es\/diseno-de-servicios-de-gestion-de-residuos\/"]}]},{"@type":"BreadcrumbList","@id":"https:\/\/entorna3.com\/es\/diseno-de-servicios-de-gestion-de-residuos\/#breadcrumb","itemListElement":[{"@type":"ListItem","position":1,"name":"Inici","item":"https:\/\/entorna3.com\/es\/inici-nou\/"},{"@type":"ListItem","position":2,"name":"Dise\u00f1o de servicios de recogida y gesti\u00f3n de residuos"}]},{"@type":"WebSite","@id":"https:\/\/entorna3.com\/es\/#website","url":"https:\/\/entorna3.com\/es\/","name":"Entorna3","description":"Projectes ambientals amb una mirada social","publisher":{"@id":"https:\/\/entorna3.com\/es\/#organization"},"potentialAction":[{"@type":"SearchAction","target":{"@type":"EntryPoint","urlTemplate":"https:\/\/entorna3.com\/es\/?s={search_term_string}"},"query-input":{"@type":"PropertyValueSpecification","valueRequired":true,"valueName":"search_term_string"}}],"inLanguage":"es"},{"@type":"Organization","@id":"https:\/\/entorna3.com\/es\/#organization","name":"Entorna3","url":"https:\/\/entorna3.com\/es\/","logo":{"@type":"ImageObject","inLanguage":"es","@id":"https:\/\/entorna3.com\/es\/#\/schema\/logo\/image\/","url":"https:\/\/entorna3.com\/wp-content\/uploads\/2023\/10\/cropped-favicon.png","contentUrl":"https:\/\/entorna3.com\/wp-content\/uploads\/2023\/10\/cropped-favicon.png","width":512,"height":512,"caption":"Entorna3"},"image":{"@id":"https:\/\/entorna3.com\/es\/#\/schema\/logo\/image\/"},"sameAs":["https:\/\/x.com\/entorna3","https:\/\/www.linkedin.com\/company\/entorna3.-projectes-socioambientals\/"]}]}},"_links":{"self":[{"href":"https:\/\/entorna3.com\/es\/wp-json\/wp\/v2\/pages\/924","targetHints":{"allow":["GET"]}}],"collection":[{"href":"https:\/\/entorna3.com\/es\/wp-json\/wp\/v2\/pages"}],"about":[{"href":"https:\/\/entorna3.com\/es\/wp-json\/wp\/v2\/types\/page"}],"author":[{"embeddable":true,"href":"https:\/\/entorna3.com\/es\/wp-json\/wp\/v2\/users\/1"}],"replies":[{"embeddable":true,"href":"https:\/\/entorna3.com\/es\/wp-json\/wp\/v2\/comments?post=924"}],"version-history":[{"count":43,"href":"https:\/\/entorna3.com\/es\/wp-json\/wp\/v2\/pages\/924\/revisions"}],"predecessor-version":[{"id":2930,"href":"https:\/\/entorna3.com\/es\/wp-json\/wp\/v2\/pages\/924\/revisions\/2930"}],"wp:attachment":[{"href":"https:\/\/entorna3.com\/es\/wp-json\/wp\/v2\/media?parent=924"}],"curies":[{"name":"wp","href":"https:\/\/api.w.org\/{rel}","templated":true}]}}