{"id":1883,"date":"2024-01-03T12:34:58","date_gmt":"2024-01-03T11:34:58","guid":{"rendered":"https:\/\/entorna3.com\/referencias-tecnicas-en-proyectos-tecnicos\/"},"modified":"2025-02-24T15:40:06","modified_gmt":"2025-02-24T14:40:06","slug":"referencias-tecnicas-en-proyectos-tecnicos","status":"publish","type":"page","link":"https:\/\/entorna3.com\/es\/referencias-tecnicas-en-proyectos-tecnicos\/","title":{"rendered":"Referencias t\u00e9cnicas en proyectos t\u00e9cnicos"},"content":{"rendered":"<p>[et_pb_section fb_built=&#8221;1&#8243; custom_padding_last_edited=&#8221;on|tablet&#8221; _builder_version=&#8221;4.22.2&#8243; _module_preset=&#8221;default&#8221; custom_padding=&#8221;0px||||false|false&#8221; custom_padding_tablet=&#8221;0px|15px||15px|false|true&#8221; custom_padding_phone=&#8221;0px|15px||15px|false|true&#8221; global_colors_info=&#8221;{}&#8221;][et_pb_row _builder_version=&#8221;4.22.2&#8243; _module_preset=&#8221;default&#8221; custom_padding=&#8221;50px||40px||false|false&#8221; global_colors_info=&#8221;{}&#8221;][et_pb_column type=&#8221;4_4&#8243; _builder_version=&#8221;4.22.1&#8243; _module_preset=&#8221;default&#8221; global_colors_info=&#8221;{}&#8221;][et_pb_text ul_item_indent=&#8221;30px&#8221; _builder_version=&#8221;4.22.2&#8243; _dynamic_attributes=&#8221;content&#8221; _module_preset=&#8221;default&#8221; text_font=&#8221;Gilroy Bold|||on|||||&#8221; text_text_color=&#8221;#232323&#8243; text_font_size=&#8221;3rem&#8221; text_line_height=&#8221;1.5em&#8221; ul_line_height=&#8221;2em&#8221; header_font=&#8221;Gilroy Bold|||on|||||&#8221; header_text_color=&#8221;gcid-c740829f-2d4d-4ebd-a20d-2efecd0077cc&#8221; header_font_size=&#8221;50px&#8221; header_line_height=&#8221;1.5em&#8221; text_orientation=&#8221;center&#8221; header_font_size_tablet=&#8221;40px&#8221; header_font_size_phone=&#8221;40px&#8221; header_font_size_last_edited=&#8221;on|tablet&#8221; header_line_height_tablet=&#8221;1.2em&#8221; header_line_height_phone=&#8221;1.2em&#8221; header_line_height_last_edited=&#8221;on|phone&#8221; global_colors_info=&#8221;{%22gcid-c740829f-2d4d-4ebd-a20d-2efecd0077cc%22:%91%22header_text_color%22%93}&#8221;]@ET-DC@eyJkeW5hbWljIjp0cnVlLCJjb250ZW50IjoicG9zdF90aXRsZSIsInNldHRpbmdzIjp7ImJlZm9yZSI6IjxoMT4iLCJhZnRlciI6IjwvaDE+IiwiZW5hYmxlX2h0bWwiOiJvZmYifX0=@[\/et_pb_text][et_pb_image src=&#8221;https:\/\/entorna3.com\/wp-content\/uploads\/2023\/09\/Picto4A.svg&#8221; title_text=&#8221;Picto4A&#8221; _builder_version=&#8221;4.23.4&#8243; _module_preset=&#8221;default&#8221; width=&#8221;10%&#8221; module_alignment=&#8221;center&#8221; global_colors_info=&#8221;{}&#8221;][\/et_pb_image][\/et_pb_column][\/et_pb_row][et_pb_row column_structure=&#8221;1_4,3_4&#8243; _builder_version=&#8221;4.23.4&#8243; _module_preset=&#8221;default&#8221; global_colors_info=&#8221;{}&#8221;][et_pb_column type=&#8221;1_4&#8243; _builder_version=&#8221;4.23.4&#8243; _module_preset=&#8221;default&#8221; global_colors_info=&#8221;{}&#8221;][et_pb_text _builder_version=&#8221;4.23.4&#8243; _module_preset=&#8221;default&#8221; header_text_align=&#8221;center&#8221; header_text_color=&#8221;gcid-c740829f-2d4d-4ebd-a20d-2efecd0077cc&#8221; header_font_size=&#8221;50px&#8221; global_colors_info=&#8221;{%22gcid-c740829f-2d4d-4ebd-a20d-2efecd0077cc%22:%91%22header_text_color%22%93}&#8221;]<\/p>\n<h1 style=\"text-align: center;\">2025<\/h1>\n<p>[\/et_pb_text][\/et_pb_column][et_pb_column type=&#8221;3_4&#8243; _builder_version=&#8221;4.23.4&#8243; _module_preset=&#8221;default&#8221; global_colors_info=&#8221;{}&#8221;][et_pb_text _builder_version=&#8221;4.27.4&#8243; _module_preset=&#8221;default&#8221; text_font_size=&#8221;14px&#8221; text_line_height=&#8221;1.2em&#8221; hover_enabled=&#8221;0&#8243; global_colors_info=&#8221;{}&#8221; sticky_enabled=&#8221;0&#8243;]<\/p>\n<table width=\"100%\">\n<tbody>\n<tr>\n<td width=\"26%\" style=\"border-color: #1f773a; text-align: right;\">\n<p>Mercabarna<\/p>\n<\/td>\n<td width=\"63%\" style=\"border-color: #1f773a;\">\n<p>Consultor\u00eda para el c\u00e1lculo de la huella de carbono<\/p>\n<\/td>\n<\/tr>\n<tr>\n<td width=\"26%\" style=\"border-color: #1f773a; text-align: right;\">\n<p>Ajuntament d\u2019Esplugues de Llobregat \/ Valoriza<\/p>\n<\/td>\n<td width=\"63%\" style=\"border-color: #1f773a;\">\n<p>Control de calidad y percepci\u00f3n ciudadana del servicio de limpieza y mantenimiento de las zonas verdes<\/p>\n<\/td>\n<\/tr>\n<\/tbody>\n<\/table>\n<p>[\/et_pb_text][\/et_pb_column][\/et_pb_row][et_pb_row column_structure=&#8221;1_4,3_4&#8243; _builder_version=&#8221;4.23.4&#8243; _module_preset=&#8221;default&#8221; global_colors_info=&#8221;{}&#8221;][et_pb_column type=&#8221;1_4&#8243; _builder_version=&#8221;4.23.4&#8243; _module_preset=&#8221;default&#8221; global_colors_info=&#8221;{}&#8221;][et_pb_text _builder_version=&#8221;4.23.4&#8243; _module_preset=&#8221;default&#8221; header_text_align=&#8221;center&#8221; header_text_color=&#8221;gcid-c740829f-2d4d-4ebd-a20d-2efecd0077cc&#8221; header_font_size=&#8221;50px&#8221; global_colors_info=&#8221;{%22gcid-c740829f-2d4d-4ebd-a20d-2efecd0077cc%22:%91%22header_text_color%22%93}&#8221;]<\/p>\n<h1 style=\"text-align: center;\">2024<\/h1>\n<p>[\/et_pb_text][\/et_pb_column][et_pb_column type=&#8221;3_4&#8243; _builder_version=&#8221;4.23.4&#8243; _module_preset=&#8221;default&#8221; global_colors_info=&#8221;{}&#8221;][et_pb_text _builder_version=&#8221;4.24.1&#8243; _module_preset=&#8221;default&#8221; text_font_size=&#8221;14px&#8221; text_line_height=&#8221;1.2em&#8221; hover_enabled=&#8221;0&#8243; global_colors_info=&#8221;{}&#8221; sticky_enabled=&#8221;0&#8243;]<\/p>\n<table width=\"100%\">\n<tbody>\n<tr>\n<td width=\"26%\" style=\"text-align: right; border-color: #1f773a;\">Ajuntament de Martorelles\n<\/td>\n<td width=\"63%\" style=\"border-color: #1f773a;\">Apoyo en la realizaci\u00f3n de l&#8217;Agenda Urbana Local (AUL).<\/td>\n<\/tr>\n<tr>\n<td style=\"text-align: right; border-color: #1f773a;\">Ajuntament d&#8217;Esplugues de Llobregat \/ Valoriza\n<\/td>\n<td style=\"border-color: #1f773a;\">Control de calidad y percepci\u00f3n ciudadana del servicio de limipieza viaria y mantenimiento de zonas verdes.<\/td>\n<\/tr>\n<tr>\n<td style=\"text-align: right; border-color: #1f773a;\">Rezero\n<\/td>\n<td style=\"border-color: #1f773a;\">Plan de viabilidad de un proyecto sobre desperdicio alimentario.<\/td>\n<\/tr>\n<\/tbody>\n<\/table>\n<p>[\/et_pb_text][\/et_pb_column][\/et_pb_row][et_pb_row column_structure=&#8221;1_4,3_4&#8243; _builder_version=&#8221;4.23.4&#8243; _module_preset=&#8221;default&#8221; global_colors_info=&#8221;{}&#8221;][et_pb_column type=&#8221;1_4&#8243; _builder_version=&#8221;4.23.4&#8243; _module_preset=&#8221;default&#8221; global_colors_info=&#8221;{}&#8221;][et_pb_text _builder_version=&#8221;4.27.0&#8243; _module_preset=&#8221;default&#8221; header_text_align=&#8221;center&#8221; header_text_color=&#8221;gcid-c740829f-2d4d-4ebd-a20d-2efecd0077cc&#8221; header_font_size=&#8221;50px&#8221; global_colors_info=&#8221;{%22gcid-c740829f-2d4d-4ebd-a20d-2efecd0077cc%22:%91%22header_text_color%22%93}&#8221;]<\/p>\n<h1 style=\"text-align: center;\">2024-2017<\/h1>\n<p>[\/et_pb_text][\/et_pb_column][et_pb_column type=&#8221;3_4&#8243; _builder_version=&#8221;4.23.4&#8243; _module_preset=&#8221;default&#8221; global_colors_info=&#8221;{}&#8221;][et_pb_text _builder_version=&#8221;4.27.0&#8243; _module_preset=&#8221;default&#8221; text_font_size=&#8221;14px&#8221; text_line_height=&#8221;1.2em&#8221; global_colors_info=&#8221;{}&#8221;]<\/p>\n<table width=\"100%\">\n<tbody>\n<tr>\n<td width=\"26%\" style=\"border-color: #1f773a;\">\n<p style=\"text-align: right;\">Ajuntament de Barcelona<\/p>\n<\/td>\n<td width=\"63%\" style=\"border-color: #1f773a;\">Apoyo en la gesti\u00f3n, comunicaci\u00f3n y justificaci\u00f3n de la Estrategia de Desarrollo Urbano Sostenible e Integrado (EDUSI) \u201cEix Bes\u00f2s\u201d, cofinanciado con Fondos Europeos FEDER 2014-2020<\/td>\n<\/tr>\n<\/tbody>\n<\/table>\n<p>[\/et_pb_text][\/et_pb_column][\/et_pb_row][et_pb_row column_structure=&#8221;1_4,3_4&#8243; _builder_version=&#8221;4.23.4&#8243; _module_preset=&#8221;default&#8221; global_colors_info=&#8221;{}&#8221;][et_pb_column type=&#8221;1_4&#8243; _builder_version=&#8221;4.23.4&#8243; _module_preset=&#8221;default&#8221; global_colors_info=&#8221;{}&#8221;][et_pb_text _builder_version=&#8221;4.23.4&#8243; _module_preset=&#8221;default&#8221; header_text_align=&#8221;center&#8221; header_text_color=&#8221;gcid-c740829f-2d4d-4ebd-a20d-2efecd0077cc&#8221; header_font_size=&#8221;50px&#8221; global_colors_info=&#8221;{%22gcid-c740829f-2d4d-4ebd-a20d-2efecd0077cc%22:%91%22header_text_color%22%93}&#8221;]<\/p>\n<h1 style=\"text-align: center;\">2023<\/h1>\n<p>[\/et_pb_text][\/et_pb_column][et_pb_column type=&#8221;3_4&#8243; _builder_version=&#8221;4.23.4&#8243; _module_preset=&#8221;default&#8221; global_colors_info=&#8221;{}&#8221;][et_pb_text _builder_version=&#8221;4.23.4&#8243; _module_preset=&#8221;default&#8221; text_font_size=&#8221;14px&#8221; text_line_height=&#8221;1.2em&#8221; global_colors_info=&#8221;{}&#8221;]<\/p>\n<table width=\"100%\">\n<tbody>\n<tr>\n<td width=\"26%\" style=\"text-align: right; border-color: #1f773a;\">\n<p>CECOT<\/p>\n<\/td>\n<td width=\"63%\" style=\"border-color: #1f773a;\">\n<p>Sesi\u00f3n formativa sobre Sostenibilidad.<\/p>\n<\/td>\n<\/tr>\n<tr>\n<td width=\"26%\" style=\"text-align: right; border-color: #1f773a;\">\n<p>\u00c0uriaFil. Fundaci\u00f3 per la Inclusi\u00f3 laboral<\/p>\n<\/td>\n<td width=\"63%\" style=\"border-color: #1f773a;\">\n<p>Redacci\u00f3n del Plan de Control Ambiental asociado al servicio de jardiner\u00eda.<\/p>\n<\/td>\n<\/tr>\n<tr>\n<td width=\"26%\" style=\"text-align: right; border-color: #1f773a;\">\n<p>Institut Municipal d\u2019Urbanisme de Barcelona<\/p>\n<\/td>\n<td width=\"63%\" style=\"border-color: #1f773a;\">\n<p>Asistencia t\u00e9cnica para la valoraci\u00f3n de las propuestas relativas a la contrataci\u00f3n de la Oficina t\u00e9cnica del Programa de Regeneraci\u00f3n Urbana del Ayuntamiento de Barcelona.<\/p>\n<\/td>\n<\/tr>\n<\/tbody>\n<\/table>\n<p>[\/et_pb_text][\/et_pb_column][\/et_pb_row][et_pb_row column_structure=&#8221;1_4,3_4&#8243; _builder_version=&#8221;4.23.4&#8243; _module_preset=&#8221;default&#8221; global_colors_info=&#8221;{}&#8221;][et_pb_column type=&#8221;1_4&#8243; _builder_version=&#8221;4.23.4&#8243; _module_preset=&#8221;default&#8221; global_colors_info=&#8221;{}&#8221;][et_pb_text _builder_version=&#8221;4.23.4&#8243; _module_preset=&#8221;default&#8221; header_text_align=&#8221;center&#8221; header_text_color=&#8221;gcid-c740829f-2d4d-4ebd-a20d-2efecd0077cc&#8221; header_font_size=&#8221;50px&#8221; global_colors_info=&#8221;{%22gcid-c740829f-2d4d-4ebd-a20d-2efecd0077cc%22:%91%22header_text_color%22%93}&#8221;]<\/p>\n<h1 style=\"text-align: center;\">2022<\/h1>\n<p>[\/et_pb_text][\/et_pb_column][et_pb_column type=&#8221;3_4&#8243; _builder_version=&#8221;4.23.4&#8243; _module_preset=&#8221;default&#8221; global_colors_info=&#8221;{}&#8221;][et_pb_text _builder_version=&#8221;4.23.4&#8243; _module_preset=&#8221;default&#8221; text_font_size=&#8221;14px&#8221; text_line_height=&#8221;1.2em&#8221; global_colors_info=&#8221;{}&#8221;]<\/p>\n<table width=\"100%\">\n<tbody>\n<tr>\n<td width=\"26%\" style=\"text-align: right; border-color: #1f773a;\">\n<p>Ajuntament de Rub\u00ed<\/p>\n<\/td>\n<td width=\"63%\" style=\"border-color: #1f773a;\">\n<p>Elaboraci\u00f3n de un informe t\u00e9cnico de los valores naturales, ecol\u00f3gicos, paisaj\u00edsticos, sociales, hist\u00f3ricos, productivos y simb\u00f3licos del espacio de la Serra de l&#8217;Oleguera<\/p>\n<\/td>\n<\/tr>\n<tr>\n<td width=\"26%\" style=\"text-align: right; border-color: #1f773a;\">\n<p>Fundaci\u00f3 Banc de Recursos \/ Rezero<\/p>\n<\/td>\n<td width=\"63%\" style=\"border-color: #1f773a;\">\n<p>Estudio de viabilidad del proyecto \u201cEl Rac\u00f3 de Profit\u201d<\/p>\n<\/td>\n<\/tr>\n<\/tbody>\n<\/table>\n<p>[\/et_pb_text][\/et_pb_column][\/et_pb_row][et_pb_row column_structure=&#8221;1_4,3_4&#8243; _builder_version=&#8221;4.23.4&#8243; _module_preset=&#8221;default&#8221; global_colors_info=&#8221;{}&#8221;][et_pb_column type=&#8221;1_4&#8243; _builder_version=&#8221;4.23.4&#8243; _module_preset=&#8221;default&#8221; global_colors_info=&#8221;{}&#8221;][et_pb_text _builder_version=&#8221;4.23.4&#8243; _module_preset=&#8221;default&#8221; header_text_align=&#8221;center&#8221; header_text_color=&#8221;gcid-c740829f-2d4d-4ebd-a20d-2efecd0077cc&#8221; header_font_size=&#8221;50px&#8221; global_colors_info=&#8221;{%22gcid-c740829f-2d4d-4ebd-a20d-2efecd0077cc%22:%91%22header_text_color%22%93}&#8221;]<\/p>\n<h1 style=\"text-align: center;\">2020<\/h1>\n<p>[\/et_pb_text][\/et_pb_column][et_pb_column type=&#8221;3_4&#8243; _builder_version=&#8221;4.23.4&#8243; _module_preset=&#8221;default&#8221; global_colors_info=&#8221;{}&#8221;][et_pb_text _builder_version=&#8221;4.23.4&#8243; _module_preset=&#8221;default&#8221; text_font_size=&#8221;14px&#8221; text_line_height=&#8221;1.2em&#8221; global_colors_info=&#8221;{}&#8221;]<\/p>\n<table width=\"100%\">\n<tbody>\n<tr>\n<td width=\"26%\" style=\"text-align: right; border-color: #1f773a;\">\n<p>Ajuntament de Pals<\/p>\n<\/td>\n<td width=\"63%\" style=\"border-color: #1f773a;\">\n<p>Redacci\u00f3n del pliego de cl\u00e1usulas t\u00e9cnicas para el mantenimiento de las zonas verdes del municipio<\/p>\n<\/td>\n<\/tr>\n<tr>\n<td width=\"26%\" style=\"text-align: right; border-color: #1f773a;\">\n<p>Sunchemical<\/p>\n<\/td>\n<td width=\"63%\" style=\"border-color: #1f773a;\">\n<p>Apoyo a las actuaciones de fomento de la recogida selectiva de residuos<\/p>\n<\/td>\n<\/tr>\n<\/tbody>\n<\/table>\n<p>[\/et_pb_text][\/et_pb_column][\/et_pb_row][et_pb_row _builder_version=&#8221;4.23.4&#8243; _module_preset=&#8221;default&#8221; global_colors_info=&#8221;{}&#8221;][et_pb_column type=&#8221;4_4&#8243; _builder_version=&#8221;4.23.4&#8243; _module_preset=&#8221;default&#8221; global_colors_info=&#8221;{}&#8221;][et_pb_text _builder_version=&#8221;4.23.4&#8243; _module_preset=&#8221;default&#8221; global_colors_info=&#8221;{}&#8221;]<\/p>\n<h4 style=\"text-align: center;\">Consulta las referencias t\u00e9cnicas de otros servicios:<\/h4>\n<p>[\/et_pb_text][\/et_pb_column][\/et_pb_row][et_pb_row column_structure=&#8221;1_4,1_4,1_4,1_4&#8243; _builder_version=&#8221;4.23.4&#8243; _module_preset=&#8221;default&#8221; global_colors_info=&#8221;{}&#8221;][et_pb_column type=&#8221;1_4&#8243; _builder_version=&#8221;4.23.4&#8243; _module_preset=&#8221;default&#8221; global_colors_info=&#8221;{}&#8221;][et_pb_image src=&#8221;https:\/\/entorna3.com\/wp-content\/uploads\/2023\/09\/Picto1A.svg&#8221; title_text=&#8221;Picto1A&#8221; url=&#8221;https:\/\/entorna3.com\/es\/referencias-tecnicas-en-gestion-de-residuos\/&#8221; _builder_version=&#8221;4.23.4&#8243; _module_preset=&#8221;default&#8221; width=&#8221;40%&#8221; module_alignment=&#8221;center&#8221; global_colors_info=&#8221;{}&#8221; src__hover_enabled=&#8221;on|hover&#8221; src__hover=&#8221;https:\/\/entorna3.com\/wp-content\/uploads\/2023\/09\/Picto1A-1.svg&#8221;][\/et_pb_image][et_pb_text _builder_version=&#8221;4.23.4&#8243; _module_preset=&#8221;default&#8221; global_colors_info=&#8221;{}&#8221;]<\/p>\n<h3 style=\"text-align: center;\">Referencias t\u00e9cnicas en gesti\u00f3n de residuos<\/h3>\n<p>[\/et_pb_text][\/et_pb_column][et_pb_column type=&#8221;1_4&#8243; _builder_version=&#8221;4.23.4&#8243; _module_preset=&#8221;default&#8221; global_colors_info=&#8221;{}&#8221;][et_pb_image src=&#8221;https:\/\/entorna3.com\/wp-content\/uploads\/2023\/09\/Picto1A.svg&#8221; title_text=&#8221;Picto1A&#8221; url=&#8221;https:\/\/entorna3.com\/es\/referencias-tecnicas-en-planes-de-prevencion-de-residuos\/&#8221; _builder_version=&#8221;4.23.4&#8243; _module_preset=&#8221;default&#8221; width=&#8221;40%&#8221; module_alignment=&#8221;center&#8221; global_colors_info=&#8221;{}&#8221; src__hover_enabled=&#8221;on|hover&#8221; src__hover=&#8221;https:\/\/entorna3.com\/wp-content\/uploads\/2023\/09\/Picto1A-1.svg&#8221;][\/et_pb_image][et_pb_text _builder_version=&#8221;4.23.4&#8243; _module_preset=&#8221;default&#8221; global_colors_info=&#8221;{}&#8221;]<\/p>\n<h3 style=\"text-align: center;\">Referencias t\u00e9cnicas en planes de prevenci\u00f3n de residuos<\/h3>\n<p>[\/et_pb_text][\/et_pb_column][et_pb_column type=&#8221;1_4&#8243; _builder_version=&#8221;4.23.4&#8243; _module_preset=&#8221;default&#8221; global_colors_info=&#8221;{}&#8221;][et_pb_image src=&#8221;https:\/\/entorna3.com\/wp-content\/uploads\/2023\/09\/Picto2A.svg&#8221; title_text=&#8221;Picto2A&#8221; url=&#8221;https:\/\/entorna3.com\/es\/referencias-tecnicas-en-puntos-limpios\/&#8221; src_last_edited=&#8221;off|desktop&#8221; _builder_version=&#8221;4.23.4&#8243; _module_preset=&#8221;default&#8221; width=&#8221;40%&#8221; module_alignment=&#8221;center&#8221; global_colors_info=&#8221;{}&#8221; src__hover_enabled=&#8221;on|hover&#8221; src__hover=&#8221;https:\/\/entorna3.com\/wp-content\/uploads\/2023\/09\/Picto2A-1.svg&#8221;][\/et_pb_image][et_pb_text _builder_version=&#8221;4.23.4&#8243; _module_preset=&#8221;default&#8221; global_colors_info=&#8221;{}&#8221;]<\/p>\n<h3 style=\"text-align: center;\">Referencias t\u00e9cnicas en puntos limpios<\/h3>\n<p>[\/et_pb_text][\/et_pb_column][et_pb_column type=&#8221;1_4&#8243; _builder_version=&#8221;4.23.4&#8243; _module_preset=&#8221;default&#8221; global_colors_info=&#8221;{}&#8221;][et_pb_image src=&#8221;https:\/\/entorna3.com\/wp-content\/uploads\/2023\/09\/Picto3A.svg&#8221; title_text=&#8221;Picto3A&#8221; url=&#8221;https:\/\/entorna3.com\/es\/referencias-tecnicas-en-participacion-comunicacion-y-campanas\/&#8221; _builder_version=&#8221;4.23.4&#8243; _module_preset=&#8221;default&#8221; width=&#8221;40%&#8221; module_alignment=&#8221;center&#8221; global_colors_info=&#8221;{}&#8221; src__hover_enabled=&#8221;on|hover&#8221; src__hover=&#8221;https:\/\/entorna3.com\/wp-content\/uploads\/2023\/09\/Picto3A-1.svg&#8221;][\/et_pb_image][et_pb_text _builder_version=&#8221;4.23.4&#8243; _module_preset=&#8221;default&#8221; global_colors_info=&#8221;{}&#8221;]<\/p>\n<h3 style=\"text-align: center;\">Referencias t\u00e9cnicas en participaci\u00f3n, comunicaci\u00f3n y campa\u00f1as<\/h3>\n<p>[\/et_pb_text][\/et_pb_column][\/et_pb_row][\/et_pb_section]<\/p>\n","protected":false},"excerpt":{"rendered":"<p>2025 Mercabarna Consultor\u00eda para el c\u00e1lculo de la huella de carbono Ajuntament d\u2019Esplugues de Llobregat \/ Valoriza Control de calidad y percepci\u00f3n ciudadana del servicio de limpieza y mantenimiento de las zonas verdes 2024 Ajuntament de Martorelles Apoyo en la realizaci\u00f3n de l&#8217;Agenda Urbana Local (AUL). Ajuntament d&#8217;Esplugues de Llobregat \/ Valoriza Control de calidad [&hellip;]<\/p>\n","protected":false},"author":2,"featured_media":0,"parent":0,"menu_order":0,"comment_status":"closed","ping_status":"closed","template":"","meta":{"_et_pb_use_builder":"on","_et_pb_old_content":"","_et_gb_content_width":"","inline_featured_image":false,"_monsterinsights_skip_tracking":false,"_monsterinsights_sitenote_active":false,"_monsterinsights_sitenote_note":"","_monsterinsights_sitenote_category":0,"footnotes":""},"class_list":["post-1883","page","type-page","status-publish","hentry"],"yoast_head":"<!-- This site is optimized with the Yoast SEO plugin v27.2 - https:\/\/yoast.com\/product\/yoast-seo-wordpress\/ -->\n<title>Referencias t\u00e9cnicas en proyectos t\u00e9cnicos - Entorna3<\/title>\n<meta name=\"robots\" content=\"index, follow, max-snippet:-1, max-image-preview:large, max-video-preview:-1\" \/>\n<link rel=\"canonical\" href=\"https:\/\/entorna3.com\/es\/referencias-tecnicas-en-proyectos-tecnicos\/\" \/>\n<meta property=\"og:locale\" content=\"es_ES\" \/>\n<meta property=\"og:type\" content=\"article\" \/>\n<meta property=\"og:title\" content=\"Referencias t\u00e9cnicas en proyectos t\u00e9cnicos - Entorna3\" \/>\n<meta property=\"og:description\" content=\"2025 Mercabarna Consultor\u00eda para el c\u00e1lculo de la huella de carbono Ajuntament d\u2019Esplugues de Llobregat \/ Valoriza Control de calidad y percepci\u00f3n ciudadana del servicio de limpieza y mantenimiento de las zonas verdes 2024 Ajuntament de Martorelles Apoyo en la realizaci\u00f3n de l&#039;Agenda Urbana Local (AUL). Ajuntament d&#039;Esplugues de Llobregat \/ Valoriza Control de calidad [&hellip;]\" \/>\n<meta property=\"og:url\" content=\"https:\/\/entorna3.com\/es\/referencias-tecnicas-en-proyectos-tecnicos\/\" \/>\n<meta property=\"og:site_name\" content=\"Entorna3\" \/>\n<meta property=\"article:modified_time\" content=\"2025-02-24T14:40:06+00:00\" \/>\n<meta name=\"twitter:card\" content=\"summary_large_image\" \/>\n<meta name=\"twitter:site\" content=\"@entorna3\" \/>\n<meta name=\"twitter:label1\" content=\"Tiempo de lectura\" \/>\n\t<meta name=\"twitter:data1\" content=\"8 minutos\" \/>\n<script type=\"application\/ld+json\" class=\"yoast-schema-graph\">{\"@context\":\"https:\/\/schema.org\",\"@graph\":[{\"@type\":\"WebPage\",\"@id\":\"https:\/\/entorna3.com\/es\/referencias-tecnicas-en-proyectos-tecnicos\/\",\"url\":\"https:\/\/entorna3.com\/es\/referencias-tecnicas-en-proyectos-tecnicos\/\",\"name\":\"Referencias t\u00e9cnicas en proyectos t\u00e9cnicos - Entorna3\",\"isPartOf\":{\"@id\":\"https:\/\/entorna3.com\/es\/#website\"},\"datePublished\":\"2024-01-03T11:34:58+00:00\",\"dateModified\":\"2025-02-24T14:40:06+00:00\",\"breadcrumb\":{\"@id\":\"https:\/\/entorna3.com\/es\/referencias-tecnicas-en-proyectos-tecnicos\/#breadcrumb\"},\"inLanguage\":\"es\",\"potentialAction\":[{\"@type\":\"ReadAction\",\"target\":[\"https:\/\/entorna3.com\/es\/referencias-tecnicas-en-proyectos-tecnicos\/\"]}]},{\"@type\":\"BreadcrumbList\",\"@id\":\"https:\/\/entorna3.com\/es\/referencias-tecnicas-en-proyectos-tecnicos\/#breadcrumb\",\"itemListElement\":[{\"@type\":\"ListItem\",\"position\":1,\"name\":\"Inici\",\"item\":\"https:\/\/entorna3.com\/es\/inici-nou\/\"},{\"@type\":\"ListItem\",\"position\":2,\"name\":\"Referencias t\u00e9cnicas en proyectos t\u00e9cnicos\"}]},{\"@type\":\"WebSite\",\"@id\":\"https:\/\/entorna3.com\/es\/#website\",\"url\":\"https:\/\/entorna3.com\/es\/\",\"name\":\"Entorna3\",\"description\":\"Projectes ambientals amb una mirada social\",\"publisher\":{\"@id\":\"https:\/\/entorna3.com\/es\/#organization\"},\"potentialAction\":[{\"@type\":\"SearchAction\",\"target\":{\"@type\":\"EntryPoint\",\"urlTemplate\":\"https:\/\/entorna3.com\/es\/?s={search_term_string}\"},\"query-input\":{\"@type\":\"PropertyValueSpecification\",\"valueRequired\":true,\"valueName\":\"search_term_string\"}}],\"inLanguage\":\"es\"},{\"@type\":\"Organization\",\"@id\":\"https:\/\/entorna3.com\/es\/#organization\",\"name\":\"Entorna3\",\"url\":\"https:\/\/entorna3.com\/es\/\",\"logo\":{\"@type\":\"ImageObject\",\"inLanguage\":\"es\",\"@id\":\"https:\/\/entorna3.com\/es\/#\/schema\/logo\/image\/\",\"url\":\"https:\/\/entorna3.com\/wp-content\/uploads\/2023\/10\/cropped-favicon.png\",\"contentUrl\":\"https:\/\/entorna3.com\/wp-content\/uploads\/2023\/10\/cropped-favicon.png\",\"width\":512,\"height\":512,\"caption\":\"Entorna3\"},\"image\":{\"@id\":\"https:\/\/entorna3.com\/es\/#\/schema\/logo\/image\/\"},\"sameAs\":[\"https:\/\/x.com\/entorna3\",\"https:\/\/www.linkedin.com\/company\/entorna3.-projectes-socioambientals\/\"]}]}<\/script>\n<!-- \/ Yoast SEO plugin. -->","yoast_head_json":{"title":"Referencias t\u00e9cnicas en proyectos t\u00e9cnicos - Entorna3","robots":{"index":"index","follow":"follow","max-snippet":"max-snippet:-1","max-image-preview":"max-image-preview:large","max-video-preview":"max-video-preview:-1"},"canonical":"https:\/\/entorna3.com\/es\/referencias-tecnicas-en-proyectos-tecnicos\/","og_locale":"es_ES","og_type":"article","og_title":"Referencias t\u00e9cnicas en proyectos t\u00e9cnicos - Entorna3","og_description":"2025 Mercabarna Consultor\u00eda para el c\u00e1lculo de la huella de carbono Ajuntament d\u2019Esplugues de Llobregat \/ Valoriza Control de calidad y percepci\u00f3n ciudadana del servicio de limpieza y mantenimiento de las zonas verdes 2024 Ajuntament de Martorelles Apoyo en la realizaci\u00f3n de l'Agenda Urbana Local (AUL). Ajuntament d'Esplugues de Llobregat \/ Valoriza Control de calidad [&hellip;]","og_url":"https:\/\/entorna3.com\/es\/referencias-tecnicas-en-proyectos-tecnicos\/","og_site_name":"Entorna3","article_modified_time":"2025-02-24T14:40:06+00:00","twitter_card":"summary_large_image","twitter_site":"@entorna3","twitter_misc":{"Tiempo de lectura":"8 minutos"},"schema":{"@context":"https:\/\/schema.org","@graph":[{"@type":"WebPage","@id":"https:\/\/entorna3.com\/es\/referencias-tecnicas-en-proyectos-tecnicos\/","url":"https:\/\/entorna3.com\/es\/referencias-tecnicas-en-proyectos-tecnicos\/","name":"Referencias t\u00e9cnicas en proyectos t\u00e9cnicos - Entorna3","isPartOf":{"@id":"https:\/\/entorna3.com\/es\/#website"},"datePublished":"2024-01-03T11:34:58+00:00","dateModified":"2025-02-24T14:40:06+00:00","breadcrumb":{"@id":"https:\/\/entorna3.com\/es\/referencias-tecnicas-en-proyectos-tecnicos\/#breadcrumb"},"inLanguage":"es","potentialAction":[{"@type":"ReadAction","target":["https:\/\/entorna3.com\/es\/referencias-tecnicas-en-proyectos-tecnicos\/"]}]},{"@type":"BreadcrumbList","@id":"https:\/\/entorna3.com\/es\/referencias-tecnicas-en-proyectos-tecnicos\/#breadcrumb","itemListElement":[{"@type":"ListItem","position":1,"name":"Inici","item":"https:\/\/entorna3.com\/es\/inici-nou\/"},{"@type":"ListItem","position":2,"name":"Referencias t\u00e9cnicas en proyectos t\u00e9cnicos"}]},{"@type":"WebSite","@id":"https:\/\/entorna3.com\/es\/#website","url":"https:\/\/entorna3.com\/es\/","name":"Entorna3","description":"Projectes ambientals amb una mirada social","publisher":{"@id":"https:\/\/entorna3.com\/es\/#organization"},"potentialAction":[{"@type":"SearchAction","target":{"@type":"EntryPoint","urlTemplate":"https:\/\/entorna3.com\/es\/?s={search_term_string}"},"query-input":{"@type":"PropertyValueSpecification","valueRequired":true,"valueName":"search_term_string"}}],"inLanguage":"es"},{"@type":"Organization","@id":"https:\/\/entorna3.com\/es\/#organization","name":"Entorna3","url":"https:\/\/entorna3.com\/es\/","logo":{"@type":"ImageObject","inLanguage":"es","@id":"https:\/\/entorna3.com\/es\/#\/schema\/logo\/image\/","url":"https:\/\/entorna3.com\/wp-content\/uploads\/2023\/10\/cropped-favicon.png","contentUrl":"https:\/\/entorna3.com\/wp-content\/uploads\/2023\/10\/cropped-favicon.png","width":512,"height":512,"caption":"Entorna3"},"image":{"@id":"https:\/\/entorna3.com\/es\/#\/schema\/logo\/image\/"},"sameAs":["https:\/\/x.com\/entorna3","https:\/\/www.linkedin.com\/company\/entorna3.-projectes-socioambientals\/"]}]}},"_links":{"self":[{"href":"https:\/\/entorna3.com\/es\/wp-json\/wp\/v2\/pages\/1883","targetHints":{"allow":["GET"]}}],"collection":[{"href":"https:\/\/entorna3.com\/es\/wp-json\/wp\/v2\/pages"}],"about":[{"href":"https:\/\/entorna3.com\/es\/wp-json\/wp\/v2\/types\/page"}],"author":[{"embeddable":true,"href":"https:\/\/entorna3.com\/es\/wp-json\/wp\/v2\/users\/2"}],"replies":[{"embeddable":true,"href":"https:\/\/entorna3.com\/es\/wp-json\/wp\/v2\/comments?post=1883"}],"version-history":[{"count":22,"href":"https:\/\/entorna3.com\/es\/wp-json\/wp\/v2\/pages\/1883\/revisions"}],"predecessor-version":[{"id":2543,"href":"https:\/\/entorna3.com\/es\/wp-json\/wp\/v2\/pages\/1883\/revisions\/2543"}],"wp:attachment":[{"href":"https:\/\/entorna3.com\/es\/wp-json\/wp\/v2\/media?parent=1883"}],"curies":[{"name":"wp","href":"https:\/\/api.w.org\/{rel}","templated":true}]}}